{"id":93,"date":"2013-08-11T19:06:15","date_gmt":"2013-08-11T19:06:15","guid":{"rendered":"http:\/\/localhost:8888\/test\/?page_id=520"},"modified":"2024-05-06T07:05:59","modified_gmt":"2024-05-06T07:05:59","slug":"hakkimizda","status":"publish","type":"page","link":"https:\/\/atlantisbilisim.com.tr\/en\/hakkimizda\/","title":{"rendered":"About Us"},"content":{"rendered":"<div class=\"banner has-hover has-parallax\" id=\"banner-914285142\">\n          <div class=\"banner-inner fill\">\n        <div class=\"banner-bg fill\" data-parallax=\"-4\" data-parallax-container=\".banner\" data-parallax-background>\n            <img loading=\"lazy\" decoding=\"async\" width=\"1020\" height=\"467\" src=\"https:\/\/i0.wp.com\/atlantisbilisim.com.tr\/wp-content\/uploads\/2024\/03\/iStock-930087412-1400x641-1.jpg?fit=1020%2C467&amp;ssl=1\" class=\"bg attachment-large size-large\" alt=\"\" \/>                        <div class=\"overlay\"><\/div>            \n                    <\/div>\n\t\t\n        <div class=\"banner-layers container\">\n            <div class=\"fill banner-link\"><\/div>            \n\n   <div id=\"text-box-1674021202\" class=\"text-box banner-layer x50 md-x50 lg-x50 y50 md-y50 lg-y50 res-text\">\n                                <div class=\"text-box-content text dark\">\n              \n              <div class=\"text-inner text-center\">\n                  \n\n\n              <\/div>\n           <\/div>\n                            \n<style>\n#text-box-1674021202 {\n  width: 60%;\n}\n#text-box-1674021202 .text-box-content {\n  font-size: 100%;\n}\n@media (min-width:550px) {\n  #text-box-1674021202 {\n    width: 60%;\n  }\n}\n<\/style>\n    <\/div>\n \n\n        <\/div>\n      <\/div>\n\n            \n<style>\n#banner-914285142 {\n  padding-top: 507px;\n}\n#banner-914285142 .overlay {\n  background-color: rgba(75, 75, 117, 0.07);\n}\n<\/style>\n  <\/div>\n\n\n\n\t<section class=\"section\" id=\"section_1429964435\">\n\t\t<div class=\"section-bg fill\" >\n\t\t\t\t\t\t\t\t\t\n\t\t\t\n\n\t\t<\/div>\n\n\t\t\n\n\t\t<div class=\"section-content relative\">\n\t\t\t\n\n<div class=\"row align-center\"  id=\"row-163458583\">\n\n\n\t<div id=\"col-708539867\" class=\"col small-12 large-12\"  >\n\t\t\t\t<div class=\"col-inner\"  >\n\t\t\t\n\t<div class=\"is-border\"\n\t\tstyle=\"border-width:0px 0px 0px 0px;margin:0px 0px 0px 0px;\">\n\t<\/div>\n\t\t\t\n\n\t<div id=\"text-2197264712\" class=\"text\">\n\t\t\n\n<h2 class=\"lead text-center\" style=\"text-align: center;\"><strong>A ROOF FLOURISHING FOR 23 YEARS AND CARRIES VALUE IN ITS TRUNK: ATLANTIS B\u0130L\u0130\u015e\u0130M<\/strong><\/h2>\n<p style=\"text-align: left;\">People who want to carry their work into the future and lay the foundations for tomorrow are brought together by planning, programming, and added values; trust, effort, friendship, and respect connect them like the leaves of a tree. Atlantis Bili\u015fim understands this cycle well and believes in it, but the foundations of this story were laid quite differently for itself.<\/p>\n<p style=\"text-align: left;\">The partners of Atlantis Bili\u015fim, Muzaffer TEKE and Sel\u00e7uk KARAHAN, are two old friends whose paths crossed in high school. They sweated together in exams, worked back-to-back through sleepless nights for their university dreams, and realized the same dream by entering the doors of Y\u0131ld\u0131z Technical University's Faculty of Civil Engineering together.<\/p>\n<p style=\"text-align: left;\">TEKE and KARAHAN, who solidified their friendship of over 34 years with a business partnership in 2001, complete the ethic of producing professional solutions with amateur enthusiasm at Atlantis Bili\u015fim. With their 20 years of professional experience in the IT sector, they develop tailor-made applications for the institutions and organizations they collaborate with.<\/p>\n\t\t\n<style>\n#text-2197264712 {\n  text-align: center;\n}\n<\/style>\n\t<\/div>\n\t\n\n\t\t<\/div>\n\t\t\t\t\n<style>\n#col-708539867 > .col-inner {\n  padding: 0px 10px 0px 10px;\n  margin: 0px 0px -20px 0px;\n}\n@media (min-width:550px) {\n  #col-708539867 > .col-inner {\n    margin: 0px 0px -10px 0px;\n  }\n}\n<\/style>\n\t<\/div>\n\n\t\n\n<\/div>\n<div class=\"row\"  id=\"row-1691575614\">\n\n\n\t<div id=\"col-2111692517\" class=\"col medium-3 small-12 large-3\"  >\n\t\t\t\t<div class=\"col-inner text-left\"  >\n\t\t\t\n\t\t\t\n\n\t<div id=\"text-603831720\" class=\"text\">\n\t\t\n\n<h3><span style=\"font-size: 120%;\">Company Profile<\/span><\/h3>\n\t\t\n<style>\n#text-603831720 {\n  text-align: center;\n}\n@media (min-width:550px) {\n  #text-603831720 {\n    text-align: left;\n  }\n}\n<\/style>\n\t<\/div>\n\t\n\n\t\t<\/div>\n\t\t\t\t\n<style>\n#col-2111692517 > .col-inner {\n  padding: 0px 0px 0px 0px;\n  margin: 0px 0px -20px 0px;\n}\n<\/style>\n\t<\/div>\n\n\t\n\n\t<div id=\"col-1954270604\" class=\"col medium-9 small-12 large-9\"  >\n\t\t\t\t<div class=\"col-inner text-right\"  >\n\t\t\t\n\t\t\t\n\n<p style=\"text-align: left;\">The foundations of Atlantis Bili\u015fim were laid in 2001. Having completed 20 years in the industry, the company continues to produce solutions for its customers at 50 different locations. With nearly 10,000 on-site technical service operations, nearly 50,000 remote service operations, and numerous application projects, it offers the comfort and confidence of managing all IT-related needs from a single source.<\/p>\n<p style=\"text-align: left;\">In its third year of establishment, the company included the Manufacturing and Software departments into its existing structure. On the production side, it manufactures Kiosks, Digital Signage, and Touch Panels, while also developing specialized software for the needs of companies in the entertainment sector. Additionally, Atlantis Bili\u015fim places the highest priority on creating solutions to reduce Turkey's dependence on foreign electronic components, thus contributing to the national economy. Through its collaboration with T\u00dcB\u0130TAK, it supports this contribution with the development of contactless card readers, electronic certificate services, and special mini card readers.<\/p>\n\n\t\t<\/div>\n\t\t\t\t\n<style>\n#col-1954270604 > .col-inner {\n  margin: 0px 0px -20px 0px;\n}\n<\/style>\n\t<\/div>\n\n\t\n\n<\/div>\n<div class=\"row\"  id=\"row-1849299708\">\n\n\n\t<div id=\"col-1651594931\" class=\"col medium-3 small-12 large-3\"  >\n\t\t\t\t<div class=\"col-inner text-left\"  >\n\t\t\t\n\t\t\t\n\n\t<div id=\"text-1756112454\" class=\"text\">\n\t\t\n\n<h3><span style=\"font-size: 120%;\">Our Mission<\/span><\/h3>\n\t\t\n<style>\n#text-1756112454 {\n  text-align: center;\n}\n@media (min-width:550px) {\n  #text-1756112454 {\n    text-align: left;\n  }\n}\n<\/style>\n\t<\/div>\n\t\n\n\t\t<\/div>\n\t\t\t\t\n<style>\n#col-1651594931 > .col-inner {\n  margin: 0px 0px -20px 0px;\n}\n<\/style>\n\t<\/div>\n\n\t\n\n\t<div id=\"col-1615336222\" class=\"col medium-9 small-12 large-9\"  >\n\t\t\t\t<div class=\"col-inner text-right\"  >\n\t\t\t\n\t\t\t\n\n\t<div id=\"text-2740857737\" class=\"text\">\n\t\t\n\n<p style=\"text-align: left;\">Developing IT projects that provide added value to our customers and our country, aiming to go beyond the opportunities of the current era with our efficient and dynamic structure.<\/p>\n\t\t\n<style>\n#text-2740857737 {\n  text-align: left;\n}\n<\/style>\n\t<\/div>\n\t\n\n\t\t<\/div>\n\t\t\t\t\n<style>\n#col-1615336222 > .col-inner {\n  margin: 0px 0px -20px 0px;\n}\n<\/style>\n\t<\/div>\n\n\t\n\n<\/div>\n<div class=\"row\"  id=\"row-1624198498\">\n\n\n\t<div id=\"col-638332291\" class=\"col medium-3 small-12 large-3\"  >\n\t\t\t\t<div class=\"col-inner text-left\"  >\n\t\t\t\n\t\t\t\n\n\t<div id=\"text-2723596064\" class=\"text\">\n\t\t\n\n<h3><span style=\"font-size: 120%;\">Our Vision<\/span><\/h3>\n\t\t\n<style>\n#text-2723596064 {\n  text-align: center;\n}\n@media (min-width:550px) {\n  #text-2723596064 {\n    text-align: left;\n  }\n}\n<\/style>\n\t<\/div>\n\t\n\n\t\t<\/div>\n\t\t\t\t\n<style>\n#col-638332291 > .col-inner {\n  margin: 0px 0px -20px 0px;\n}\n<\/style>\n\t<\/div>\n\n\t\n\n\t<div id=\"col-805396256\" class=\"col medium-9 small-12 large-9\"  >\n\t\t\t\t<div class=\"col-inner text-right\"  >\n\t\t\t\n\t\t\t\n\n\t<div id=\"text-684377854\" class=\"text\">\n\t\t\n\n<p style=\"text-align: left;\">Continuously improving service quality in the areas of R&amp;D, Production, and Human Resources, and minimizing dependence on foreign sources in the field of Information Technology.<\/p>\n\t\t\n<style>\n#text-684377854 {\n  text-align: left;\n}\n<\/style>\n\t<\/div>\n\t\n\n\t\t<\/div>\n\t\t\t\t\n<style>\n#col-805396256 > .col-inner {\n  margin: 0px 0px -20px 0px;\n}\n<\/style>\n\t<\/div>\n\n\t\n\n<\/div>\n\n\t\t<\/div>\n\n\t\t\n<style>\n#section_1429964435 {\n  padding-top: 30px;\n  padding-bottom: 30px;\n}\n<\/style>\n\t<\/section>","protected":false},"excerpt":{"rendered":"","protected":false},"author":1,"featured_media":19,"parent":0,"menu_order":0,"comment_status":"closed","ping_status":"closed","template":"page-blank.php","meta":{"advanced_seo_description":"","jetpack_seo_html_title":"","jetpack_seo_noindex":false,"footnotes":""},"class_list":["post-93","page","type-page","status-publish","has-post-thumbnail","hentry"],"jetpack_sharing_enabled":true,"jetpack_shortlink":"https:\/\/wp.me\/PfBQLk-1v","_links":{"self":[{"href":"https:\/\/atlantisbilisim.com.tr\/en\/wp-json\/wp\/v2\/pages\/93","targetHints":{"allow":["GET"]}}],"collection":[{"href":"https:\/\/atlantisbilisim.com.tr\/en\/wp-json\/wp\/v2\/pages"}],"about":[{"href":"https:\/\/atlantisbilisim.com.tr\/en\/wp-json\/wp\/v2\/types\/page"}],"author":[{"embeddable":true,"href":"https:\/\/atlantisbilisim.com.tr\/en\/wp-json\/wp\/v2\/users\/1"}],"replies":[{"embeddable":true,"href":"https:\/\/atlantisbilisim.com.tr\/en\/wp-json\/wp\/v2\/comments?post=93"}],"version-history":[{"count":14,"href":"https:\/\/atlantisbilisim.com.tr\/en\/wp-json\/wp\/v2\/pages\/93\/revisions"}],"predecessor-version":[{"id":814,"href":"https:\/\/atlantisbilisim.com.tr\/en\/wp-json\/wp\/v2\/pages\/93\/revisions\/814"}],"wp:featuredmedia":[{"embeddable":true,"href":"https:\/\/atlantisbilisim.com.tr\/en\/wp-json\/wp\/v2\/media\/19"}],"wp:attachment":[{"href":"https:\/\/atlantisbilisim.com.tr\/en\/wp-json\/wp\/v2\/media?parent=93"}],"curies":[{"name":"wp","href":"https:\/\/api.w.org\/{rel}","templated":true}]}}