{"id":902,"date":"2024-11-26T12:01:44","date_gmt":"2024-11-26T12:01:44","guid":{"rendered":"https:\/\/atlantisbilisim.com.tr\/?page_id=902"},"modified":"2025-02-18T15:51:02","modified_gmt":"2025-02-18T15:51:02","slug":"atr30-rfid-akilli-kart-okuyucu","status":"publish","type":"page","link":"https:\/\/atlantisbilisim.com.tr\/en\/atr30-rfid-akilli-kart-okuyucu\/","title":{"rendered":"ATR30 RFID Ak\u0131ll\u0131 Kart Okuyucu"},"content":{"rendered":"<div class=\"banner has-hover show-for-small\" id=\"banner-16617423\">\n          <div class=\"banner-inner fill\">\n        <div class=\"banner-bg fill\" >\n                                                \n                    <\/div>\n\t\t\n        <div class=\"banner-layers container\">\n            <div class=\"fill banner-link\"><\/div>            \n\n   <div id=\"text-box-1178088944\" class=\"text-box banner-layer x50 md-x50 lg-x50 y50 md-y50 lg-y50 res-text\">\n                                <div class=\"text-box-content text dark\">\n              \n              <div class=\"text-inner text-center\">\n                  \n\n\n              <\/div>\n           <\/div>\n                            \n<style>\n#text-box-1178088944 {\n  width: 60%;\n}\n#text-box-1178088944 .text-box-content {\n  font-size: 100%;\n}\n@media (min-width:550px) {\n  #text-box-1178088944 {\n    width: 60%;\n  }\n}\n<\/style>\n    <\/div>\n \n\n        <\/div>\n      <\/div>\n\n              <div class=\"height-fix is-invisible\"><\/div>\n            \n<style>\n#banner-16617423 {\n  padding-top: 0px;\n  background-color: rgb(247, 245, 244);\n}\n<\/style>\n  <\/div>\n\n\n\n\t<section class=\"section dark\" id=\"section_239628186\">\n\t\t<div class=\"section-bg fill\" >\n\t\t\t<img data-recalc-dims=\"1\" loading=\"lazy\" decoding=\"async\" width=\"1020\" height=\"398\" src=\"https:\/\/i0.wp.com\/atlantisbilisim.com.tr\/wp-content\/uploads\/2024\/11\/ATR30-banner.png?resize=1020%2C398&#038;ssl=1\" class=\"bg attachment-original size-original\" alt=\"\" \/>\t\t\t\t\t\t<div class=\"section-bg-overlay absolute fill\"><\/div>\n\t\t\t\n\n\t\t<\/div>\n\n\t\t\n\n\t\t<div class=\"section-content relative\">\n\t\t\t\n\n<div class=\"row align-middle\"  id=\"row-1483838578\">\n\n\n\t<div id=\"col-1390350289\" class=\"col medium-8 small-12 large-5\"  >\n\t\t\t\t<div class=\"col-inner\"  >\n\t\t\t\n\t\t\t\n\n\t<div id=\"text-3967198885\" class=\"text\">\n\t\t\n\n<h1><span style=\"font-size: 300%;\" data-line-height=\"xs\">ATR30<\/span><\/h1>\n<h2 data-line-height=\"xs\"><span style=\"font-size: 115%;\" data-line-height=\"xs\">RFID Smart Card Reader<\/span><\/h2>\n\t\t\n<style>\n#text-3967198885 {\n  line-height: 0.75;\n}\n<\/style>\n\t<\/div>\n\t\n\t<div id=\"gap-1164472610\" class=\"gap-element clearfix\" style=\"display:block; height:auto;\">\n\t\t\n<style>\n#gap-1164472610 {\n  padding-top: 20px;\n}\n<\/style>\n\t<\/div>\n\t\n\n<h2><span style=\"color: #ffcc00;\">SECURITY <\/span>&amp; CONVENIENCE<\/h2>\n<p>With ATR30, only authorized users can access the network and sensitive information, conduct secure transactions and digitally sign documents.<\/p>\n<a href=\"https:\/\/atlantisbilisim.com.tr\/wp-content\/uploads\/2024\/11\/20241112_Atlantis_ATR30_EN_Brochure.pdf\" class=\"button white\"  style=\"border-radius:10px;\">\n\t\t<span>Download Brochure<\/span>\n\t<\/a>\n\n\n\n\t\t<\/div>\n\t\t\t\t\t<\/div>\n\n\t\n\n<\/div>\n\n\t\t<\/div>\n\n\t\t\n<style>\n#section_239628186 {\n  padding-top: 60px;\n  padding-bottom: 60px;\n  min-height: 600px;\n  background-color: rgb(247, 245, 244);\n}\n#section_239628186 .section-bg-overlay {\n  background-color: rgb(45, 78, 103);\n}\n#section_239628186 .section-bg img {\n  object-position: 50% 0%;\n}\n@media (min-width:550px) {\n  #section_239628186 .section-bg-overlay {\n    background-color: rgba(0, 0, 0, 0.5);\n  }\n}\n@media (min-width:850px) {\n  #section_239628186 .section-bg-overlay {\n    background-color: rgba(0, 0, 0, 0.5);\n  }\n}\n<\/style>\n\t<\/section>\n\t\n\n\t<section class=\"section\" id=\"section_550697770\">\n\t\t<div class=\"section-bg fill\" >\n\t\t\t\t\t\t\t\t\t\n\t\t\t\n\n\t\t<\/div>\n\n\t\t\n\n\t\t<div class=\"section-content relative\">\n\t\t\t\n\n<div class=\"row row-large\"  id=\"row-1851679555\">\n\n\n\t<div id=\"col-713607312\" class=\"col small-12 large-12\"  >\n\t\t\t\t<div class=\"col-inner\"  >\n\t\t\t\n\t\t\t\n\n<p>The ATR30 RFID Smart Card Reader manufactured by \nAtlantis Infotech is the only card reader that is <strong>100% domestically produced<\/strong> in terms of both hardware and software.<\/p>\n\n\t\t<\/div>\n\t\t\t\t\n<style>\n#col-713607312 > .col-inner {\n  margin: 5% 0px 0px 0px;\n}\n<\/style>\n\t<\/div>\n\n\t\n\n<\/div>\n\n\t\t<\/div>\n\n\t\t\n<style>\n#section_550697770 {\n  padding-top: 25px;\n  padding-bottom: 25px;\n  background-color: rgb(247, 245, 244);\n}\n<\/style>\n\t<\/section>\n\t\n\n\t<section class=\"section\" id=\"section_92333551\">\n\t\t<div class=\"section-bg fill\" >\n\t\t\t\t\t\t\t\t\t\n\t\t\t\n\n\t\t<\/div>\n\n\t\t\n\n\t\t<div class=\"section-content relative\">\n\t\t\t\n\n<div class=\"row row-large\"  id=\"row-1051767076\">\n\n\n\t<div id=\"col-365470010\" class=\"col medium-5 small-12 large-5\"  >\n\t\t\t\t<div class=\"col-inner\"  >\n\t\t\t\n\t\t\t\n\n\t<div id=\"text-1954438943\" class=\"text\">\n\t\t\n\n<h1>Contactless &amp; Secure<\/h1>\n<p>Use Cases:<\/p>\n<ul>\n<li>Document Management<\/li>\n<li>Turnstiles<\/li>\n<li>Elevators<\/li>\n<li>Access Control<\/li>\n<li>Ticketing<\/li>\n<li>EV Charging Stations<\/li>\n<li>Staff Time and Attendance Management<\/li>\n<li>Kiosk Systems<\/li>\n<\/ul>\n<p>Features:<\/p>\n<ul>\n<li>The ability to read more than 60 RFID Technologies&nbsp;<\/li>\n<li>Direct reading<\/li>\n<li>CCID and PC\/SC 2.01<\/li>\n<li>Custom antenna design specific to the usage<br>environment can be provided on demand.<\/li>\n<\/ul>\n\t\t\n<style>\n#text-1954438943 {\n  line-height: 1;\n  text-align: left;\n}\n<\/style>\n\t<\/div>\n\t\n\n\t\t<\/div>\n\t\t\t\t\t<\/div>\n\n\t\n\n\t<div id=\"col-130030320\" class=\"col hide-for-small medium-1 small-12 large-1\"  >\n\t\t\t\t<div class=\"col-inner\" style=\"background-color:rgb(167, 188, 181);\" >\n\t\t\t\n\t\t\t\n\n\t<div id=\"gap-858188844\" class=\"gap-element clearfix hidden\" style=\"display:block; height:auto;\">\n\t\t\n<style>\n#gap-858188844 {\n  padding-top: 360px;\n}\n<\/style>\n\t<\/div>\n\t\n\n\n\t\t<\/div>\n\t\t\t\t\n<style>\n#col-130030320 > .col-inner {\n  margin: -30px -80px -30px 80px;\n}\n<\/style>\n\t<\/div>\n\n\t\n\n\t<div id=\"col-705923742\" class=\"col medium-6 small-12 large-6 small-col-first\"  >\n\t\t\t\t<div class=\"col-inner\"  >\n\t\t\t\n\t\t\t\n\n\t<div class=\"img has-hover x md-x lg-x y md-y lg-y\" id=\"image_408327495\">\n\t\t\t\t\t\t\t\t<div class=\"img-inner dark\" >\n\t\t\t<img data-recalc-dims=\"1\" loading=\"lazy\" decoding=\"async\" width=\"749\" height=\"758\" src=\"https:\/\/i0.wp.com\/atlantisbilisim.com.tr\/wp-content\/uploads\/2024\/11\/ATR30-kullanim.png?resize=749%2C758&#038;ssl=1\" class=\"attachment-original size-original\" alt=\"\" srcset=\"https:\/\/i0.wp.com\/atlantisbilisim.com.tr\/wp-content\/uploads\/2024\/11\/ATR30-kullanim.png?w=749&amp;ssl=1 749w, https:\/\/i0.wp.com\/atlantisbilisim.com.tr\/wp-content\/uploads\/2024\/11\/ATR30-kullanim.png?resize=395%2C400&amp;ssl=1 395w, https:\/\/i0.wp.com\/atlantisbilisim.com.tr\/wp-content\/uploads\/2024\/11\/ATR30-kullanim.png?resize=12%2C12&amp;ssl=1 12w\" sizes=\"auto, (max-width: 749px) 100vw, 749px\" \/>\t\t\t\t\t\t\n\t\t\t\t\t<\/div>\n\t\t\t\t\t\t\t\t\n<style>\n#image_408327495 {\n  width: 100%;\n}\n<\/style>\n\t<\/div>\n\t\n\n\n\t\t<\/div>\n\t\t\t\t\n<style>\n#col-705923742 > .col-inner {\n  margin: 0px 0px -50px 0px;\n}\n<\/style>\n\t<\/div>\n\n\t\n\n<\/div>\n\n\t\t<\/div>\n\n\t\t\n<style>\n#section_92333551 {\n  padding-top: 80px;\n  padding-bottom: 80px;\n}\n@media (min-width:550px) {\n  #section_92333551 {\n    padding-top: 60px;\n    padding-bottom: 60px;\n  }\n}\n<\/style>\n\t<\/section>\n\t\n\n\t<section class=\"section\" id=\"section_360093359\">\n\t\t<div class=\"section-bg fill\" >\n\t\t\t\t\t\t\t\t\t\n\t\t\t\n\n\t\t<\/div>\n\n\t\t\n\n\t\t<div class=\"section-content relative\">\n\t\t\t\n\n<div class=\"row row-large\"  id=\"row-2030035956\">\n\n\n\t<div id=\"col-1433629906\" class=\"col medium-6 small-12 large-6 small-col-first\"  >\n\t\t\t\t<div class=\"col-inner\"  >\n\t\t\t\n\t\t\t\n\n\t<div class=\"img has-hover x md-x lg-x y md-y lg-y\" id=\"image_748928499\">\n\t\t\t\t\t\t\t\t<div class=\"img-inner dark\" >\n\t\t\t<img loading=\"lazy\" decoding=\"async\" width=\"900\" height=\"800\" src=\"https:\/\/i0.wp.com\/atlantisbilisim.com.tr\/wp-content\/uploads\/2024\/03\/ATR29Logo.png?fit=900%2C800&amp;ssl=1\" class=\"attachment-large size-large\" alt=\"\" srcset=\"https:\/\/i0.wp.com\/atlantisbilisim.com.tr\/wp-content\/uploads\/2024\/03\/ATR29Logo.png?w=1053&amp;ssl=1 1053w, https:\/\/i0.wp.com\/atlantisbilisim.com.tr\/wp-content\/uploads\/2024\/03\/ATR29Logo.png?resize=450%2C400&amp;ssl=1 450w, https:\/\/i0.wp.com\/atlantisbilisim.com.tr\/wp-content\/uploads\/2024\/03\/ATR29Logo.png?resize=900%2C800&amp;ssl=1 900w, https:\/\/i0.wp.com\/atlantisbilisim.com.tr\/wp-content\/uploads\/2024\/03\/ATR29Logo.png?resize=768%2C683&amp;ssl=1 768w\" sizes=\"auto, (max-width: 900px) 100vw, 900px\" \/>\t\t\t\t\t\t\n\t\t\t\t\t<\/div>\n\t\t\t\t\t\t\t\t\n<style>\n#image_748928499 {\n  width: 100%;\n}\n<\/style>\n\t<\/div>\n\t\n\n\n\t\t<\/div>\n\t\t\t\t\t<\/div>\n\n\t\n\n\t<div id=\"col-1369049291\" class=\"col medium-5 small-12 large-6\"  >\n\t\t\t\t<div class=\"col-inner\"  >\n\t\t\t\n\t\t\t\n\n<p><strong>The ATLANTIS ATR30 RFID reader<\/strong> and family of modules <strong>allows users to read and write 125 kHz \nand 13.56 MHz tags.<\/strong> &nbsp;<\/p>\n<p><b> Supports ISO standards <\/b> by suppliers such as Atmel, EM, ST, NXP, TI, HID, Legic etc. as well as ISO 14443A \/ B (T = CL), ISO 15693 and ISO 18092 \/ ECMA-340 and NFC. <strong>&nbsp;<\/strong><\/p>\n<p>The readers <strong>support communication through USB.<\/strong><\/p>\n\n\t\t<\/div>\n\t\t\t\t\n<style>\n#col-1369049291 > .col-inner {\n  margin: 24% 0px 0px 0px;\n}\n<\/style>\n\t<\/div>\n\n\t\n\n<\/div>\n\n\t\t<\/div>\n\n\t\t\n<style>\n#section_360093359 {\n  padding-top: 80px;\n  padding-bottom: 80px;\n  background-color: rgb(255,255,255);\n}\n@media (min-width:550px) {\n  #section_360093359 {\n    padding-top: 30px;\n    padding-bottom: 30px;\n  }\n}\n<\/style>\n\t<\/section>\n\t\n\n\t<section class=\"section\" id=\"section_202240901\">\n\t\t<div class=\"section-bg fill\" >\n\t\t\t\t\t\t\t\t\t\n\t\t\t\n\n\t\t<\/div>\n\n\t\t\n\n\t\t<div class=\"section-content relative\">\n\t\t\t\n\n<div class=\"row\"  id=\"row-171434467\">\n\n\n\t<div id=\"col-1561445900\" class=\"col small-12 large-12\"  >\n\t\t\t\t<div class=\"col-inner text-center\"  >\n\t\t\t\n\t\t\t\n\n<div class=\"row row-collapse\"  id=\"row-1904709150\">\n\n\n\t<div id=\"col-1211694917\" class=\"col medium-10 small-12 large-8\"  >\n\t\t\t\t<div class=\"col-inner\"  >\n\t\t\t\n\t\t\t\n\n<h2 style=\"font-size: 220%;\">Technical Specifications<\/h2>\n\t<div id=\"gap-300964957\" class=\"gap-element clearfix\" style=\"display:block; height:auto;\">\n\t\t\n<style>\n#gap-300964957 {\n  padding-top: 30px;\n}\n<\/style>\n\t<\/div>\n\t\n\n\n\t\t<\/div>\n\t\t\t\t\n<style>\n#col-1211694917 > .col-inner {\n  padding: 0px 0px 20px 0px;\n}\n<\/style>\n\t<\/div>\n\n\t\n\n<\/div>\n<div class=\"row row-large\"  id=\"row-70820632\">\n\n\n\t<div id=\"col-1586884048\" class=\"col medium-12 large-4\"  >\n\t\t\t\t<div class=\"col-inner text-left\"  >\n\t\t\t\n\t\t\t\n\n<div class=\"container section-title-container\" style=\"margin-bottom:10px;\"><h4 class=\"section-title section-title-normal\"><b><\/b><span class=\"section-title-main\" style=\"font-size:80%;\">Physical Characteristics<\/span><b><\/b><\/h4><\/div>\n\n<ul>\n<li class=\"bullet-arrow\">Dimensions (L \u00d7 W \u00d7 H): 88.00 \u00d7 56.00 \u00d7 18.50 mm<\/li>\n<li class=\"bullet-arrow\">Weight: 120g<\/li>\n<li class=\"bullet-arrow\">Housing and Color: ABS UL94-V0 \/ Grey or Custom to Order<\/li>\n<\/ul>\n<div class=\"container section-title-container\" style=\"margin-bottom:10px;\"><h4 class=\"section-title section-title-normal\"><b><\/b><span class=\"section-title-main\" style=\"font-size:80%;\">Other Features<\/span><b><\/b><\/h4><\/div>\n\n<ul>\n<li class=\"bullet-arrow\">AKiS Mode: AKiS Bilet \/ Cipurse compatible<\/li>\n<li class=\"bullet-arrow\">System Support: Windows\u00ae 7 (32\/64-bit) and higher, Linux, Mac OS\u00ae, Android<\/li>\n<li class=\"bullet-arrow\">Certifications\/Compliance: REACH and RoHS-III compliant<\/li>\n<\/ul>\n\n\t\t<\/div>\n\t\t\t\t\t<\/div>\n\n\t\n\n\t<div id=\"col-783676706\" class=\"col medium-12 large-4\"  >\n\t\t\t\t<div class=\"col-inner text-left\"  >\n\t\t\t\n\t\t\t\n\n<div class=\"container section-title-container\" style=\"margin-bottom:10px;\"><h4 class=\"section-title section-title-normal\"><b><\/b><span class=\"section-title-main\" style=\"font-size:80%;\">Interface<\/span><b><\/b><\/h4><\/div>\n\n<ul>\n<li class=\"bullet-arrow\">Peripheral Interfaces: USB, RS-232, SAM slots for ID-000 card format<br>(SAM slot optional)<\/li>\n<li class=\"bullet-arrow\">Operational Modes (USB): USB keyboard emulation - CCID\/PCSC (optional) USB VID\/PID unset. Can be set by user.<\/li>\n<li class=\"bullet-arrow\">Transmission Speed: USB Full Speed (12 Mbps), HF Air: up to 848 kbps<\/li>\n<li class=\"bullet-arrow\">Power: USB: 4.3V\u20135.5V<\/li>\n<li class=\"bullet-arrow\">Frequencies: 125 kHz (LF) \/ 13.56 MHz (HF)<\/li>\n<li class=\"bullet-arrow\">Antennas: Integrated<\/li>\n<li class=\"bullet-arrow\">Read\/Write Distance: LF: 10mm \/ HF up to 160mm<\/li>\n<\/ul>\n\n\t\t<\/div>\n\t\t\t\t\t<\/div>\n\n\t\n\n\t<div id=\"col-422144441\" class=\"col medium-12 large-4\"  >\n\t\t\t\t<div class=\"col-inner text-left\"  >\n\t\t\t\n\t\t\t\n\n<div class=\"container section-title-container\" style=\"margin-bottom:10px;\"><h4 class=\"section-title section-title-normal\"><b><\/b><span class=\"section-title-main\" style=\"font-size:80%;\">Operating Conditions<\/span><b><\/b><\/h4><\/div>\n\n<ul>\n<li class=\"bullet-arrow\" style=\"text-align: left;\">Temperature: <br>Operating: -25 \u00b0C up to 70 \u00b0C\n\u2003\u2003\u2003\u2003Storage: -40 \u00b0C up to 75 \u00b0C<\/li>\n<li class=\"bullet-arrow\">Humidity: 5%\u201395% non-condensing<\/li>\n<li class=\"bullet-arrow\">MTBF: 500,000 hours<\/li>\n<\/ul>\n\n\t\t<\/div>\n\t\t\t\t\t<\/div>\n\n\t\n\n<\/div>\n\n\t\t<\/div>\n\t\t\t\t\n<style>\n#col-1561445900 > .col-inner {\n  padding: 0px 0px 0px 0px;\n}\n<\/style>\n\t<\/div>\n\n\t\n\n<\/div>\n\n\t\t<\/div>\n\n\t\t\n<style>\n#section_202240901 {\n  padding-top: 0px;\n  padding-bottom: 0px;\n}\n<\/style>\n\t<\/section>\n\t\n\n\t<section class=\"section\" id=\"section_1792924304\">\n\t\t<div class=\"section-bg fill\" >\n\t\t\t\t\t\t\t\t\t\n\t\t\t\n\n\t\t<\/div>\n\n\t\t\n\n\t\t<div class=\"section-content relative\">\n\t\t\t\n\n<div class=\"row\"  id=\"row-2093779801\">\n\n\n\t<div id=\"col-1046374411\" class=\"col small-12 large-12\"  >\n\t\t\t\t<div class=\"col-inner text-center\"  >\n\t\t\t\n\t\t\t\n\n<div class=\"row row-collapse\"  id=\"row-151403069\">\n\n\n\t<div id=\"col-756854966\" class=\"col medium-10 small-12 large-8\"  >\n\t\t\t\t<div class=\"col-inner\"  >\n\t\t\t\n\t\t\t\n\n<h2 style=\"font-size: 220%;\">Technical Drawing<\/h2>\n\n\t\t<\/div>\n\t\t\t\t\n<style>\n#col-756854966 > .col-inner {\n  padding: 0px 0px 20px 0px;\n}\n<\/style>\n\t<\/div>\n\n\t\n\n<\/div>\n\t<div class=\"img has-hover x md-x lg-x y md-y lg-y\" id=\"image_2036776722\">\n\t\t\t\t\t\t\t\t<div class=\"img-inner dark\" >\n\t\t\t<img loading=\"lazy\" decoding=\"async\" width=\"1020\" height=\"480\" src=\"https:\/\/i0.wp.com\/atlantisbilisim.com.tr\/wp-content\/uploads\/2024\/11\/ATR30-teknik-cizim.png?fit=1020%2C480&amp;ssl=1\" class=\"attachment-large size-large\" alt=\"\" srcset=\"https:\/\/i0.wp.com\/atlantisbilisim.com.tr\/wp-content\/uploads\/2024\/11\/ATR30-teknik-cizim.png?w=1681&amp;ssl=1 1681w, https:\/\/i0.wp.com\/atlantisbilisim.com.tr\/wp-content\/uploads\/2024\/11\/ATR30-teknik-cizim.png?resize=800%2C376&amp;ssl=1 800w, https:\/\/i0.wp.com\/atlantisbilisim.com.tr\/wp-content\/uploads\/2024\/11\/ATR30-teknik-cizim.png?resize=1400%2C659&amp;ssl=1 1400w, https:\/\/i0.wp.com\/atlantisbilisim.com.tr\/wp-content\/uploads\/2024\/11\/ATR30-teknik-cizim.png?resize=768%2C361&amp;ssl=1 768w, https:\/\/i0.wp.com\/atlantisbilisim.com.tr\/wp-content\/uploads\/2024\/11\/ATR30-teknik-cizim.png?resize=1536%2C723&amp;ssl=1 1536w, https:\/\/i0.wp.com\/atlantisbilisim.com.tr\/wp-content\/uploads\/2024\/11\/ATR30-teknik-cizim.png?resize=18%2C8&amp;ssl=1 18w\" sizes=\"auto, (max-width: 1020px) 100vw, 1020px\" \/>\t\t\t\t\t\t\n\t\t\t\t\t<\/div>\n\t\t\t\t\t\t\t\t\n<style>\n#image_2036776722 {\n  width: 100%;\n}\n<\/style>\n\t<\/div>\n\t\n\n\n\t\t<\/div>\n\t\t\t\t\t<\/div>\n\n\t\n\n<\/div>\n\n\t\t<\/div>\n\n\t\t\n<style>\n#section_1792924304 {\n  padding-top: 0px;\n  padding-bottom: 0px;\n}\n<\/style>\n\t<\/section>\n\t\n\n\n\n<p><\/p>","protected":false},"excerpt":{"rendered":"","protected":false},"author":1,"featured_media":0,"parent":0,"menu_order":0,"comment_status":"closed","ping_status":"closed","template":"page-blank.php","meta":{"advanced_seo_description":"","jetpack_seo_html_title":"","jetpack_seo_noindex":false,"footnotes":""},"class_list":["post-902","page","type-page","status-publish","hentry"],"jetpack_sharing_enabled":true,"jetpack_shortlink":"https:\/\/wp.me\/PfBQLk-ey","_links":{"self":[{"href":"https:\/\/atlantisbilisim.com.tr\/en\/wp-json\/wp\/v2\/pages\/902","targetHints":{"allow":["GET"]}}],"collection":[{"href":"https:\/\/atlantisbilisim.com.tr\/en\/wp-json\/wp\/v2\/pages"}],"about":[{"href":"https:\/\/atlantisbilisim.com.tr\/en\/wp-json\/wp\/v2\/types\/page"}],"author":[{"embeddable":true,"href":"https:\/\/atlantisbilisim.com.tr\/en\/wp-json\/wp\/v2\/users\/1"}],"replies":[{"embeddable":true,"href":"https:\/\/atlantisbilisim.com.tr\/en\/wp-json\/wp\/v2\/comments?post=902"}],"version-history":[{"count":6,"href":"https:\/\/atlantisbilisim.com.tr\/en\/wp-json\/wp\/v2\/pages\/902\/revisions"}],"predecessor-version":[{"id":934,"href":"https:\/\/atlantisbilisim.com.tr\/en\/wp-json\/wp\/v2\/pages\/902\/revisions\/934"}],"wp:attachment":[{"href":"https:\/\/atlantisbilisim.com.tr\/en\/wp-json\/wp\/v2\/media?parent=902"}],"curies":[{"name":"wp","href":"https:\/\/api.w.org\/{rel}","templated":true}]}}