{"id":489,"date":"2024-03-25T13:47:24","date_gmt":"2024-03-25T13:47:24","guid":{"rendered":"https:\/\/atlantisbilisim.com.tr\/?page_id=489"},"modified":"2025-08-13T07:20:33","modified_gmt":"2025-08-13T07:20:33","slug":"atr19-mini-akilli-kart-okuyucu","status":"publish","type":"page","link":"https:\/\/atlantisbilisim.com.tr\/en\/atr19-mini-akilli-kart-okuyucu\/","title":{"rendered":"ATR19 Mini Smart Card Reader"},"content":{"rendered":"<div class=\"banner has-hover show-for-small\" id=\"banner-700913934\">\n          <div class=\"banner-inner fill\">\n        <div class=\"banner-bg fill\" >\n                                                \n                    <\/div>\n\t\t\n        <div class=\"banner-layers container\">\n            <div class=\"fill banner-link\"><\/div>            \n\n   <div id=\"text-box-2001021385\" class=\"text-box banner-layer x50 md-x50 lg-x50 y50 md-y50 lg-y50 res-text\">\n                                <div class=\"text-box-content text dark\">\n              \n              <div class=\"text-inner text-center\">\n                  \n\n\n              <\/div>\n           <\/div>\n                            \n<style>\n#text-box-2001021385 {\n  width: 60%;\n}\n#text-box-2001021385 .text-box-content {\n  font-size: 100%;\n}\n@media (min-width:550px) {\n  #text-box-2001021385 {\n    width: 60%;\n  }\n}\n<\/style>\n    <\/div>\n \n\n        <\/div>\n      <\/div>\n\n              <div class=\"height-fix is-invisible\"><\/div>\n            \n<style>\n#banner-700913934 {\n  background-color: rgb(247, 245, 244);\n}\n<\/style>\n  <\/div>\n\n\n\n\t<section class=\"section dark\" id=\"section_596015997\">\n\t\t<div class=\"section-bg fill\" >\n\t\t\t<img loading=\"lazy\" decoding=\"async\" width=\"768\" height=\"358\" src=\"https:\/\/i0.wp.com\/atlantisbilisim.com.tr\/wp-content\/uploads\/2024\/03\/Screenshot-2024-03-25-161055.png?fit=768%2C358&amp;ssl=1\" class=\"bg attachment-medium_large size-medium_large\" alt=\"\" \/>\t\t\t\t\t\t<div class=\"section-bg-overlay absolute fill\"><\/div>\n\t\t\t\n\n\t\t<\/div>\n\n\t\t\n\n\t\t<div class=\"section-content relative\">\n\t\t\t\n\n<div class=\"row align-middle\"  id=\"row-737771634\">\n\n\n\t<div id=\"col-1822558571\" class=\"col medium-8 small-12 large-5\"  >\n\t\t\t\t<div class=\"col-inner\"  >\n\t\t\t\n\t\t\t\n\n\t<div id=\"text-333127529\" class=\"text\">\n\t\t\n\n<h1><span style=\"font-size: 300%;\" data-line-height=\"xs\">ATR19<\/span><\/h1>\n<h2 data-line-height=\"xs\"><span style=\"font-size: 130%;\" data-line-height=\"xs\">Mini Smart Card Reader<\/span><\/h2>\n\t\t\n<style>\n#text-333127529 {\n  line-height: 0.75;\n}\n<\/style>\n\t<\/div>\n\t\n\t<div id=\"gap-271137499\" class=\"gap-element clearfix\" style=\"display:block; height:auto;\">\n\t\t\n<style>\n#gap-271137499 {\n  padding-top: 20px;\n}\n<\/style>\n\t<\/div>\n\t\n\n<h2><span style=\"color: #ffcc00;\">SECURITY <\/span>IN YOUR POCKET<\/h2>\n<p>With ATR19, only authorized users can access the network and sensitive information, conduct secure transactions and digitally sign documents.<\/p>\n<a href=\"https:\/\/atlantisbilisim.com.tr\/wp-content\/uploads\/2025\/08\/20240325_Atlantis_ATR19_EN_Brochure_v2.pdf\" target=\"_blank\" class=\"button white\" rel=\"noopener\"  style=\"border-radius:10px;\">\n\t\t<span>Download Brochure<\/span>\n\t<\/a>\n\n\n\n\t\t<\/div>\n\t\t\t\t\t<\/div>\n\n\t\n\n<\/div>\n\n\t\t<\/div>\n\n\t\t\n<style>\n#section_596015997 {\n  padding-top: 60px;\n  padding-bottom: 60px;\n  min-height: 600px;\n  background-color: rgb(247, 245, 244);\n}\n#section_596015997 .section-bg-overlay {\n  background-color: rgb(45, 78, 103);\n}\n#section_596015997 .section-bg img {\n  object-position: 50% 55%;\n}\n@media (min-width:550px) {\n  #section_596015997 .section-bg-overlay {\n    background-color: rgba(0, 0, 0, 0.5);\n  }\n}\n@media (min-width:850px) {\n  #section_596015997 .section-bg-overlay {\n    background-color: rgba(0, 0, 0, 0.5);\n  }\n}\n<\/style>\n\t<\/section>\n\t\n\n\t<section class=\"section\" id=\"section_1870311321\">\n\t\t<div class=\"section-bg fill\" >\n\t\t\t\t\t\t\t\t\t\n\t\t\t\n\n\t\t<\/div>\n\n\t\t\n\n\t\t<div class=\"section-content relative\">\n\t\t\t\n\n<div class=\"row row-large\"  id=\"row-837674571\">\n\n\n\t<div id=\"col-2012280668\" class=\"col small-12 large-12\"  >\n\t\t\t\t<div class=\"col-inner\"  >\n\t\t\t\n\t\t\t\n\n<p>The ATR19 Mini Smart Card Reader manufactured by Atlantis Infotech is the only card reader that is <strong>100% domestically produced<\/strong> in terms of both hardware and software. ATR19 is a compact USB device that offers dynamic smart card functionality to the user. \n\nWith ATR19, you can use financial seal or e-signature certificate types for e-invoice, e-government and central registration system entries.<\/p>\n\n\t\t<\/div>\n\t\t\t\t\t<\/div>\n\n\t\n\n<\/div>\n\n\t\t<\/div>\n\n\t\t\n<style>\n#section_1870311321 {\n  padding-top: 60px;\n  padding-bottom: 60px;\n  background-color: rgb(247, 245, 244);\n}\n<\/style>\n\t<\/section>\n\t\n\n\t<section class=\"section\" id=\"section_679725197\">\n\t\t<div class=\"section-bg fill\" >\n\t\t\t\t\t\t\t\t\t\n\t\t\t\n\n\t\t<\/div>\n\n\t\t\n\n\t\t<div class=\"section-content relative\">\n\t\t\t\n\n<div class=\"row row-large\"  id=\"row-1087369145\">\n\n\n\t<div id=\"col-1937250371\" class=\"col medium-5 small-12 large-5\"  >\n\t\t\t\t<div class=\"col-inner\"  >\n\t\t\t\n\t\t\t\n\n<h1>Two-Factor Authentication<\/h1>\n<p>The ATR19 combines smart card security with USB convenience to deliver the following benefits:<\/p>\n<div class=\"accordion\">\n\n\t<div id=\"accordion-3062753188\" class=\"accordion-item\">\n\t\t<a id=\"accordion-3062753188-label\" class=\"accordion-title plain\" href=\"#accordion-item-y\u00fcksek-g\u00fcvenlik\" aria-expanded=\"false\" aria-controls=\"accordion-3062753188-content\" >\n\t\t\t<button class=\"toggle\" aria-label=\"Toggle\"><i class=\"icon-angle-down\"><\/i><\/button>\n\t\t\t<span>High Security<\/span>\n\t\t<\/a>\n\t\t<div id=\"accordion-3062753188-content\" class=\"accordion-inner\" aria-labelledby=\"accordion-3062753188-label\" >\n\t\t\t\n\n<p>Advanced protection is enabled by two factor authentication: something users have\u2013the device, and something they know\u2013their PIN.<\/p>\n\n\t\t<\/div>\n\t<\/div>\n\t\n\t<div id=\"accordion-219334880\" class=\"accordion-item\">\n\t\t<a id=\"accordion-219334880-label\" class=\"accordion-title plain\" href=\"#accordion-item-evrensel-eri\u015fim\" aria-expanded=\"false\" aria-controls=\"accordion-219334880-content\" >\n\t\t\t<button class=\"toggle\" aria-label=\"Toggle\"><i class=\"icon-angle-down\"><\/i><\/button>\n\t\t\t<span>Universal Access<\/span>\n\t\t<\/a>\n\t\t<div id=\"accordion-219334880-content\" class=\"accordion-inner\" aria-labelledby=\"accordion-219334880-label\" >\n\t\t\t\n\n<p>Secure logical access control services can be used with any system with a USB connection. Support for all major desktop operating systems available.<\/p>\n\n\t\t<\/div>\n\t<\/div>\n\t\n\t<div id=\"accordion-1961406438\" class=\"accordion-item\">\n\t\t<a id=\"accordion-1961406438-label\" class=\"accordion-title plain\" href=\"#accordion-item-tak-\u00c7al\u0131\u015ft\u0131r\" aria-expanded=\"false\" aria-controls=\"accordion-1961406438-content\" >\n\t\t\t<button class=\"toggle\" aria-label=\"Toggle\"><i class=\"icon-angle-down\"><\/i><\/button>\n\t\t\t<span>Plug &amp; Play<\/span>\n\t\t<\/a>\n\t\t<div id=\"accordion-1961406438-content\" class=\"accordion-inner\" aria-labelledby=\"accordion-1961406438-label\" >\n\t\t\t\n\n<p>Windows, Mac OS and Linux standard USB specifications mean the device works with virtually any network connection.<\/p>\n\n\t\t<\/div>\n\t<\/div>\n\t\n\t<div id=\"accordion-3480171469\" class=\"accordion-item\">\n\t\t<a id=\"accordion-3480171469-label\" class=\"accordion-title plain\" href=\"#accordion-item-kolay-kullan\u0131m\" aria-expanded=\"false\" aria-controls=\"accordion-3480171469-content\" >\n\t\t\t<button class=\"toggle\" aria-label=\"Toggle\"><i class=\"icon-angle-down\"><\/i><\/button>\n\t\t\t<span>Ease of Use<\/span>\n\t\t<\/a>\n\t\t<div id=\"accordion-3480171469-content\" class=\"accordion-inner\" aria-labelledby=\"accordion-3480171469-label\" >\n\t\t\t\n\n<p>Users can simply insert the ATR19 into a USB port and enter their PIN to access onboard security applications.<\/p>\n\n\t\t<\/div>\n\t<\/div>\n\t\n\n<\/div>\n\n\t\t<\/div>\n\t\t\t\t\t<\/div>\n\n\t\n\n\t<div id=\"col-1088569926\" class=\"col hide-for-small medium-1 small-12 large-1\"  >\n\t\t\t\t<div class=\"col-inner\" style=\"background-color:rgb(167, 188, 181);\" >\n\t\t\t\n\t\t\t\n\n\t<div id=\"gap-711419164\" class=\"gap-element clearfix hidden\" style=\"display:block; height:auto;\">\n\t\t\n<style>\n#gap-711419164 {\n  padding-top: 360px;\n}\n<\/style>\n\t<\/div>\n\t\n\n\n\t\t<\/div>\n\t\t\t\t\n<style>\n#col-1088569926 > .col-inner {\n  margin: -30px -80px -30px 80px;\n}\n<\/style>\n\t<\/div>\n\n\t\n\n\t<div id=\"col-779333416\" class=\"col medium-6 small-12 large-6 small-col-first\"  >\n\t\t\t\t<div class=\"col-inner\"  >\n\t\t\t\n\t\t\t\n\n\t<div class=\"img has-hover x md-x lg-x y md-y lg-y\" id=\"image_1517296025\">\n\t\t\t\t\t\t\t\t<div class=\"img-inner dark\" >\n\t\t\t<img loading=\"lazy\" decoding=\"async\" width=\"637\" height=\"776\" src=\"https:\/\/atlantisbilisim.com.tr\/wp-content\/uploads\/2024\/06\/atr-19-exploded-en.png\" class=\"attachment-large size-large\" alt=\"\" srcset=\"https:\/\/i0.wp.com\/atlantisbilisim.com.tr\/wp-content\/uploads\/2024\/06\/atr-19-exploded-en.png?w=675&ssl=1 675w, https:\/\/i0.wp.com\/atlantisbilisim.com.tr\/wp-content\/uploads\/2024\/06\/atr-19-exploded-en.png?resize=336%2C400&ssl=1 336w, https:\/\/i0.wp.com\/atlantisbilisim.com.tr\/wp-content\/uploads\/2024\/06\/atr-19-exploded-en.png?resize=672%2C800&ssl=1 672w, https:\/\/i0.wp.com\/atlantisbilisim.com.tr\/wp-content\/uploads\/2024\/06\/atr-19-exploded-en.png?resize=10%2C12&ssl=1 10w\" sizes=\"auto, (max-width: 637px) 100vw, 637px\" \/>\t\t\t\t\t\t\n\t\t\t\t\t<\/div>\n\t\t\t\t\t\t\t\t\n<style>\n#image_1517296025 {\n  width: 80%;\n}\n<\/style>\n\t<\/div>\n\t\n\n\n\t\t<\/div>\n\t\t\t\t\n<style>\n#col-779333416 > .col-inner {\n  margin: 0px 0px -50px 0px;\n}\n<\/style>\n\t<\/div>\n\n\t\n\n<\/div>\n\n\t\t<\/div>\n\n\t\t\n<style>\n#section_679725197 {\n  padding-top: 80px;\n  padding-bottom: 80px;\n}\n@media (min-width:550px) {\n  #section_679725197 {\n    padding-top: 60px;\n    padding-bottom: 60px;\n  }\n}\n<\/style>\n\t<\/section>\n\t\n\n\t<section class=\"section\" id=\"section_1716224787\">\n\t\t<div class=\"section-bg fill\" >\n\t\t\t\t\t\t\t\t\t\n\t\t\t\n\n\t\t<\/div>\n\n\t\t\n\n\t\t<div class=\"section-content relative\">\n\t\t\t\n\n<div class=\"row row-large\"  id=\"row-2054460302\">\n\n\n\t<div id=\"col-1229493166\" class=\"col medium-6 small-12 large-6 small-col-first\"  >\n\t\t\t\t<div class=\"col-inner\"  >\n\t\t\t\n\t\t\t\n\n\t<div class=\"img has-hover x md-x lg-x y md-y lg-y\" id=\"image_1408504116\">\n\t\t\t\t\t\t\t\t<div class=\"img-inner dark\" >\n\t\t\t<img loading=\"lazy\" decoding=\"async\" width=\"910\" height=\"800\" src=\"https:\/\/i0.wp.com\/atlantisbilisim.com.tr\/wp-content\/uploads\/2024\/03\/Screenshot-2024-03-25-162500-e1711373238541.png?fit=910%2C800&amp;ssl=1\" class=\"attachment-large size-large\" alt=\"\" srcset=\"https:\/\/i0.wp.com\/atlantisbilisim.com.tr\/wp-content\/uploads\/2024\/03\/Screenshot-2024-03-25-162500-e1711373238541.png?w=1044&amp;ssl=1 1044w, https:\/\/i0.wp.com\/atlantisbilisim.com.tr\/wp-content\/uploads\/2024\/03\/Screenshot-2024-03-25-162500-e1711373238541.png?resize=455%2C400&amp;ssl=1 455w, https:\/\/i0.wp.com\/atlantisbilisim.com.tr\/wp-content\/uploads\/2024\/03\/Screenshot-2024-03-25-162500-e1711373238541.png?resize=910%2C800&amp;ssl=1 910w, https:\/\/i0.wp.com\/atlantisbilisim.com.tr\/wp-content\/uploads\/2024\/03\/Screenshot-2024-03-25-162500-e1711373238541.png?resize=768%2C675&amp;ssl=1 768w\" sizes=\"auto, (max-width: 910px) 100vw, 910px\" \/>\t\t\t\t\t\t\n\t\t\t\t\t<\/div>\n\t\t\t\t\t\t\t\t\n<style>\n#image_1408504116 {\n  width: 100%;\n}\n<\/style>\n\t<\/div>\n\t\n\n\n\t\t<\/div>\n\t\t\t\t\t<\/div>\n\n\t\n\n\t<div id=\"col-1348593826\" class=\"col medium-5 small-12 large-5\"  >\n\t\t\t\t<div class=\"col-inner\"  >\n\t\t\t\n\t\t\t\n\n<p>ATR19 has <strong>strong authentication<\/strong> based on two factors: the token itself and a PIN, providing an extra \nlevel of security for the most sensitive applications. The PIN ensures the holder of the device is its \nlegitimate owner. The device offers <strong>all the power of a multi-application smart card in a USB Type-C form factor,<\/strong> making it an ideal solution for organizations that require a combination of <strong>security, portability, robustness and convenience<\/strong> .<\/p>\n<p>The Smart Card Reader is designed for secure communication with smartcards containing cryptographic keys and certificates, strong authentication, encryption, and digital signature of email and data. It also supports non-repudiation, a crucial feature for proof of financial transactions.<\/p>\n\n\t\t<\/div>\n\t\t\t\t\t<\/div>\n\n\t\n\n\t<div id=\"col-595667112\" class=\"col hide-for-small medium-1 small-12 large-1\"  >\n\t\t\t\t<div class=\"col-inner\" style=\"background-color:rgb(167, 188, 181);\" >\n\t\t\t\n\t\t\t\n\n\t<div id=\"gap-964511753\" class=\"gap-element clearfix hidden\" style=\"display:block; height:auto;\">\n\t\t\n<style>\n#gap-964511753 {\n  padding-top: 360px;\n}\n<\/style>\n\t<\/div>\n\t\n\n\n\t\t<\/div>\n\t\t\t\t\n<style>\n#col-595667112 > .col-inner {\n  margin: -30px -80px -30px 80px;\n}\n<\/style>\n\t<\/div>\n\n\t\n\n<\/div>\n\n\t\t<\/div>\n\n\t\t\n<style>\n#section_1716224787 {\n  padding-top: 80px;\n  padding-bottom: 80px;\n  background-color: rgb(255,255,255);\n}\n@media (min-width:550px) {\n  #section_1716224787 {\n    padding-top: 60px;\n    padding-bottom: 60px;\n  }\n}\n<\/style>\n\t<\/section>\n\t\n\n\t<section class=\"section\" id=\"section_1232175385\">\n\t\t<div class=\"section-bg fill\" >\n\t\t\t\t\t\t\t\t\t\n\t\t\t\n\n\t\t<\/div>\n\n\t\t\n\n\t\t<div class=\"section-content relative\">\n\t\t\t\n\n<div class=\"row\"  id=\"row-1237405363\">\n\n\n\t<div id=\"col-1360086347\" class=\"col small-12 large-12\"  >\n\t\t\t\t<div class=\"col-inner text-center\"  >\n\t\t\t\n\t\t\t\n\n<div class=\"row row-collapse\"  id=\"row-1690687788\">\n\n\n\t<div id=\"col-688946330\" class=\"col medium-10 small-12 large-8\"  >\n\t\t\t\t<div class=\"col-inner\"  >\n\t\t\t\n\t\t\t\n\n<h2 style=\"font-size: 220%;\">Technical Specifications<\/h2>\n\t<div id=\"gap-1978100463\" class=\"gap-element clearfix\" style=\"display:block; height:auto;\">\n\t\t\n<style>\n#gap-1978100463 {\n  padding-top: 30px;\n}\n<\/style>\n\t<\/div>\n\t\n\n\n\t\t<\/div>\n\t\t\t\t\n<style>\n#col-688946330 > .col-inner {\n  padding: 0px 0px 20px 0px;\n}\n<\/style>\n\t<\/div>\n\n\t\n\n<\/div>\n<div class=\"row row-large\"  id=\"row-38693351\">\n\n\n\t<div id=\"col-56603614\" class=\"col medium-12 large-4\"  >\n\t\t\t\t<div class=\"col-inner text-left\"  >\n\t\t\t\n\t\t\t\n\n<div class=\"container section-title-container\" style=\"margin-bottom:10px;\"><h4 class=\"section-title section-title-normal\"><b><\/b><span class=\"section-title-main\" style=\"font-size:80%;\">Physical Characteristics<\/span><b><\/b><\/h4><\/div>\n\n<ul>\n<li class=\"bullet-arrow\">Dimensions: 54.20 mm (L) \u00d7 24.00 mm (W) \u00d7 10.00 mm (H)<\/li>\n<li class=\"bullet-arrow\">Weight: 8.5 g<\/li>\n<li class=\"bullet-arrow\">Color: White or Custom to Order<\/li>\n<\/ul>\n\n\t\t<\/div>\n\t\t\t\t\t<\/div>\n\n\t\n\n\t<div id=\"col-1599726474\" class=\"col medium-12 large-4\"  >\n\t\t\t\t<div class=\"col-inner text-left\"  >\n\t\t\t\n\t\t\t\n\n<div class=\"container section-title-container\" style=\"margin-bottom:10px;\"><h4 class=\"section-title section-title-normal\"><b><\/b><span class=\"section-title-main\" style=\"font-size:80%;\">USB Interface<\/span><b><\/b><\/h4><\/div>\n\n<ul>\n<li class=\"bullet-arrow\">Protocol: USB 2.0 &amp; USB 1.1<\/li>\n<li class=\"bullet-arrow\">Device Class: USB CCID<\/li>\n<li class=\"bullet-arrow\">Connector Type: Standard Type A<\/li>\n<li class=\"bullet-arrow\">Power Source: USB Port<\/li>\n<li class=\"bullet-arrow\">Speed: USB Full Speed (12 Mbps)<\/li>\n<li class=\"bullet-arrow\">Supply Voltage: 5V<\/li>\n<\/ul>\n\n\t\t<\/div>\n\t\t\t\t\t<\/div>\n\n\t\n\n\t<div id=\"col-2125726311\" class=\"col medium-12 large-4\"  >\n\t\t\t\t<div class=\"col-inner text-left\"  >\n\t\t\t\n\t\t\t\n\n<div class=\"container section-title-container\" style=\"margin-bottom:10px;\"><h4 class=\"section-title section-title-normal\"><b><\/b><span class=\"section-title-main\" style=\"font-size:80%;\">Mini Smart Card Interface<\/span><b><\/b><\/h4><\/div>\n\n<ul>\n<li class=\"bullet-arrow\">Number of Slots: 1 SIM-sized Card Slot ID000<\/li>\n<li class=\"bullet-arrow\">Standard: ISO 7816 Parts 1-4, Class A, B, C, (5 V, 3 V, 1.8 V)<\/li>\n<li class=\"bullet-arrow\">Protocol: T=0, T=1<\/li>\n<li class=\"bullet-arrow\">Supply Current: Max. 60 mA<\/li>\n<li class=\"bullet-arrow\">Smart Card Read\/Write Speed: 9.6 Kbps - 800 Kbps<\/li>\n<li class=\"bullet-arrow\">Clock Frequency: 4.8 MHz<\/li>\n<li class=\"bullet-arrow\">Card Connector: Contact<\/li>\n<li class=\"bullet-arrow\">Card Insertion Cycle: Min. 30,000<\/li>\n<\/ul>\n\n\t\t<\/div>\n\t\t\t\t\t<\/div>\n\n\t\n\n<\/div>\n<div class=\"row row-large\"  id=\"row-1417843686\">\n\n\n\t<div id=\"col-1637622752\" class=\"col medium-12 large-4\"  >\n\t\t\t\t<div class=\"col-inner text-left\"  >\n\t\t\t\n\t\t\t\n\n<div class=\"container section-title-container\" style=\"margin-bottom:10px;\"><h4 class=\"section-title section-title-normal\"><b><\/b><span class=\"section-title-main\" style=\"font-size:80%;\">Application Programming Interface<\/span><b><\/b><\/h4><\/div>\n\n<ul>\n<li class=\"bullet-arrow\">PC Connection Mode: PC\/SC<\/li>\n<\/ul>\n\n\t\t<\/div>\n\t\t\t\t\t<\/div>\n\n\t\n\n\t<div id=\"col-540175611\" class=\"col medium-12 large-4\"  >\n\t\t\t\t<div class=\"col-inner text-left\"  >\n\t\t\t\n\t\t\t\n\n<div class=\"container section-title-container\" style=\"margin-bottom:10px;\"><h4 class=\"section-title section-title-normal\"><b><\/b><span class=\"section-title-main\" style=\"font-size:80%;\">Operating Conditions<\/span><b><\/b><\/h4><\/div>\n\n<ul>\n<li class=\"bullet-arrow\">Temperature: 0\u00b0C\u201350\u00b0C<\/li>\n<li class=\"bullet-arrow\">Humidity: Max. 90%<\/li>\n<li class=\"bullet-arrow\">MTBF: 500,000 hours<\/li>\n<\/ul>\n\n\t\t<\/div>\n\t\t\t\t\t<\/div>\n\n\t\n\n\t<div id=\"col-798212667\" class=\"col medium-12 large-4\"  >\n\t\t\t\t<div class=\"col-inner text-left\"  >\n\t\t\t\n\t\t\t\n\n<div class=\"container section-title-container\" style=\"margin-bottom:10px;\"><h4 class=\"section-title section-title-normal\"><b><\/b><span class=\"section-title-main\" style=\"font-size:80%;\">Product Care<\/span><b><\/b><\/h4><\/div>\n\n<ul>\n<li class=\"bullet-arrow\">Warranty Period: 3 years<\/li>\n<\/ul>\n\n\t\t<\/div>\n\t\t\t\t\t<\/div>\n\n\t\n\n<\/div>\n<div class=\"row\"  id=\"row-1313546531\">\n\n\n\t<div id=\"col-83014226\" class=\"col small-12 large-12\"  >\n\t\t\t\t<div class=\"col-inner\"  >\n\t\t\t\n\t\t\t\n\n<div class=\"container section-title-container\" style=\"margin-bottom:10px;\"><h4 class=\"section-title section-title-normal\"><b><\/b><span class=\"section-title-main\" style=\"font-size:80%;\">Other Features<\/span><b><\/b><\/h4><\/div>\n\n\t<div id=\"text-3763975601\" class=\"text\">\n\t\t\n\n<ul>\n<li class=\"bullet-arrow\">Compatibility: AK\u0130S v1.2, v1.2.1, v1.2.2, v2.2.8, v2.5.2 and v2.6.2 Smart Cards<\/li>\n<li class=\"bullet-arrow\">Sistem Deste\u011fi: Windows\u00ae Vista, Windows\u00ae 7, Windows\u00ae 8, Windows\u00ae 8.1, Windows\u00ae 10, Windows\u00ae 11, Windows\u00ae Server 2003, Windows\u00ae Server 2008, Windows\u00ae Server 2008 R2, Windows\u00ae Server 2012, Windows\u00ae Server 2012 R2, Solaris\u2122, Linux, Mac OS\u00ae, Android, Gemalto<\/li>\n<li class=\"bullet-arrow\">Certifications\/Compliance: ISO 7816, USB 2.0, 1.1 Full Speed PC\/SC, CCID, CE, RoHS, Microsoft\u00ae \nWHQL<\/li>\n<\/ul>\n\t\t\n<style>\n#text-3763975601 {\n  text-align: left;\n}\n<\/style>\n\t<\/div>\n\t\n\n\t\t<\/div>\n\t\t\t\t\t<\/div>\n\n\t\n\n<\/div>\n\n\t\t<\/div>\n\t\t\t\t\n<style>\n#col-1360086347 > .col-inner {\n  padding: 0px 0px 0px 0px;\n}\n<\/style>\n\t<\/div>\n\n\t\n\n<\/div>\n\n\t\t<\/div>\n\n\t\t\n<style>\n#section_1232175385 {\n  padding-top: 0px;\n  padding-bottom: 0px;\n}\n<\/style>\n\t<\/section>\n\t\n\n\t<section class=\"section\" id=\"section_135494122\">\n\t\t<div class=\"section-bg fill\" >\n\t\t\t\t\t\t\t\t\t\n\t\t\t\n\n\t\t<\/div>\n\n\t\t\n\n\t\t<div class=\"section-content relative\">\n\t\t\t\n\n<div class=\"row\"  id=\"row-1669132504\">\n\n\n\t<div id=\"col-72029648\" class=\"col small-12 large-12\"  >\n\t\t\t\t<div class=\"col-inner text-center\"  >\n\t\t\t\n\t\t\t\n\n<div class=\"row row-collapse\"  id=\"row-296311450\">\n\n\n\t<div id=\"col-897646944\" class=\"col medium-10 small-12 large-8\"  >\n\t\t\t\t<div class=\"col-inner\"  >\n\t\t\t\n\t\t\t\n\n<h2 style=\"font-size: 220%;\">Technical Drawing<\/h2>\n\t<div id=\"gap-547438676\" class=\"gap-element clearfix\" style=\"display:block; height:auto;\">\n\t\t\n<style>\n#gap-547438676 {\n  padding-top: 30px;\n}\n<\/style>\n\t<\/div>\n\t\n\n\n\t\t<\/div>\n\t\t\t\t\n<style>\n#col-897646944 > .col-inner {\n  padding: 0px 0px 20px 0px;\n}\n<\/style>\n\t<\/div>\n\n\t\n\n<\/div>\n\t<div class=\"img has-hover x md-x lg-x y md-y lg-y\" id=\"image_807025825\">\n\t\t\t\t\t\t\t\t<div class=\"img-inner dark\" >\n\t\t\t<img loading=\"lazy\" decoding=\"async\" width=\"1020\" height=\"527\" src=\"https:\/\/i0.wp.com\/atlantisbilisim.com.tr\/wp-content\/uploads\/2024\/03\/ATR19-Teknik-Cizim.png?fit=1020%2C527&amp;ssl=1\" class=\"attachment-large size-large\" alt=\"\" srcset=\"https:\/\/i0.wp.com\/atlantisbilisim.com.tr\/wp-content\/uploads\/2024\/03\/ATR19-Teknik-Cizim.png?w=1512&amp;ssl=1 1512w, https:\/\/i0.wp.com\/atlantisbilisim.com.tr\/wp-content\/uploads\/2024\/03\/ATR19-Teknik-Cizim.png?resize=773%2C400&amp;ssl=1 773w, https:\/\/i0.wp.com\/atlantisbilisim.com.tr\/wp-content\/uploads\/2024\/03\/ATR19-Teknik-Cizim.png?resize=1400%2C724&amp;ssl=1 1400w, https:\/\/i0.wp.com\/atlantisbilisim.com.tr\/wp-content\/uploads\/2024\/03\/ATR19-Teknik-Cizim.png?resize=768%2C397&amp;ssl=1 768w\" sizes=\"auto, (max-width: 1020px) 100vw, 1020px\" \/>\t\t\t\t\t\t\n\t\t\t\t\t<\/div>\n\t\t\t\t\t\t\t\t\n<style>\n#image_807025825 {\n  width: 100%;\n}\n<\/style>\n\t<\/div>\n\t\n\n\n\t\t<\/div>\n\t\t\t\t\n<style>\n#col-72029648 > .col-inner {\n  padding: 0px 0px 0px 0px;\n}\n<\/style>\n\t<\/div>\n\n\t\n\n<\/div>\n\n\t\t<\/div>\n\n\t\t\n<style>\n#section_135494122 {\n  padding-top: 0px;\n  padding-bottom: 0px;\n}\n<\/style>\n\t<\/section>","protected":false},"excerpt":{"rendered":"","protected":false},"author":1,"featured_media":0,"parent":0,"menu_order":0,"comment_status":"closed","ping_status":"closed","template":"page-blank.php","meta":{"advanced_seo_description":"","jetpack_seo_html_title":"","jetpack_seo_noindex":false,"footnotes":""},"class_list":["post-489","page","type-page","status-publish","hentry"],"jetpack_sharing_enabled":true,"jetpack_shortlink":"https:\/\/wp.me\/PfBQLk-7T","_links":{"self":[{"href":"https:\/\/atlantisbilisim.com.tr\/en\/wp-json\/wp\/v2\/pages\/489","targetHints":{"allow":["GET"]}}],"collection":[{"href":"https:\/\/atlantisbilisim.com.tr\/en\/wp-json\/wp\/v2\/pages"}],"about":[{"href":"https:\/\/atlantisbilisim.com.tr\/en\/wp-json\/wp\/v2\/types\/page"}],"author":[{"embeddable":true,"href":"https:\/\/atlantisbilisim.com.tr\/en\/wp-json\/wp\/v2\/users\/1"}],"replies":[{"embeddable":true,"href":"https:\/\/atlantisbilisim.com.tr\/en\/wp-json\/wp\/v2\/comments?post=489"}],"version-history":[{"count":9,"href":"https:\/\/atlantisbilisim.com.tr\/en\/wp-json\/wp\/v2\/pages\/489\/revisions"}],"predecessor-version":[{"id":953,"href":"https:\/\/atlantisbilisim.com.tr\/en\/wp-json\/wp\/v2\/pages\/489\/revisions\/953"}],"wp:attachment":[{"href":"https:\/\/atlantisbilisim.com.tr\/en\/wp-json\/wp\/v2\/media?parent=489"}],"curies":[{"name":"wp","href":"https:\/\/api.w.org\/{rel}","templated":true}]}}