{"id":360,"date":"2024-03-11T05:14:41","date_gmt":"2024-03-11T05:14:41","guid":{"rendered":"https:\/\/atlantisbilisim.com.tr\/?page_id=360"},"modified":"2026-02-12T13:11:23","modified_gmt":"2026-02-12T13:11:23","slug":"dijital-guvenlik","status":"publish","type":"page","link":"https:\/\/atlantisbilisim.com.tr\/en\/dijital-guvenlik\/","title":{"rendered":"D\u0130J\u0130TAL G\u00dcVENL\u0130K"},"content":{"rendered":"<section class=\"section\" id=\"section_1970902920\">\n\t\t<div class=\"section-bg fill\" >\n\t\t\t\t\t\t\t\t\t\n\t\t\t\n\n\t\t<\/div>\n\n\t\t\n\n\t\t<div class=\"section-content relative\">\n\t\t\t\n\n\n  <div class=\"banner has-hover has-parallax\" id=\"banner-1593269009\">\n          <div class=\"banner-inner fill\">\n        <div class=\"banner-bg fill\" data-parallax=\"-4\" data-parallax-container=\".banner\" data-parallax-background>\n            <img data-recalc-dims=\"1\" loading=\"lazy\" decoding=\"async\" width=\"1020\" height=\"549\" src=\"https:\/\/i0.wp.com\/atlantisbilisim.com.tr\/wp-content\/uploads\/2026\/02\/dijital-guvenlik-L-e1770901753218.jpg?resize=1020%2C549&#038;ssl=1\" class=\"bg attachment-original size-original\" alt=\"\" \/>                                    \n                    <\/div>\n\t\t\n        <div class=\"banner-layers container\">\n            <div class=\"fill banner-link\"><\/div>            \n\n   <div id=\"text-box-2040508625\" class=\"text-box banner-layer x50 md-x0 lg-x0 y50 md-y50 lg-y50 res-text\">\n                                <div class=\"text-box-content text box-shadow-1\">\n              \n              <div class=\"text-inner text-left\">\n                  \n\n<h2>Digital Security<\/h2>\n<p>One of the terms that entered our lives with the rapid spread of technology is <strong>Digital Security, <\/strong>which refers to the measures taken to protect personal information (health, banking, etc.), transportation, and location information on a network established with the internet and computer programs.<\/p>\n\n              <\/div>\n           <\/div>\n                            \n<style>\n#text-box-2040508625 .text-box-content {\n  background-color: rgba(255, 255, 255, 0.94);\n  font-size: 100%;\n}\n#text-box-2040508625 .text-inner {\n  padding: 30px 30px 30px 30px;\n}\n#text-box-2040508625 {\n  width: 90%;\n}\n@media (min-width:550px) {\n  #text-box-2040508625 {\n    width: 58%;\n  }\n}\n<\/style>\n    <\/div>\n \n\n        <\/div>\n      <\/div>\n\n            \n<style>\n#banner-1593269009 {\n  padding-top: 637px;\n}\n#banner-1593269009 .banner-bg img {\n  object-position: 5% 71%;\n}\n<\/style>\n  <\/div>\n\n\n\n\t\t<\/div>\n\n\t\t\n<style>\n#section_1970902920 {\n  padding-top: 0px;\n  padding-bottom: 0px;\n}\n<\/style>\n\t<\/section>\n\t\n\n\t<section class=\"section\" id=\"section_1862171786\">\n\t\t<div class=\"section-bg fill\" >\n\t\t\t\t\t\t\t\t\t\n\t\t\t\n\n\t\t<\/div>\n\n\t\t\n\n\t\t<div class=\"section-content relative\">\n\t\t\t\n\n<div class=\"row align-middle\"  id=\"row-481726682\">\n\n\n\t<div id=\"col-1479931955\" class=\"col medium-6 small-12 large-6\"  >\n\t\t\t\t<div class=\"col-inner text-center\"  >\n\t\t\t\n\t\t\t\n\n\t<div id=\"text-1392022595\" class=\"text\">\n\t\t\n\n<h1 style=\"text-align: left;\"><span style=\"font-size: 110%;\"><strong>Data Security<\/strong><\/span><\/h1>\n<p style=\"text-align: left;\">Data Privacy and Data Protection are among the most sensitive issues that companies need to pay attention to in their technology and information journey; it is essential to manage data well and accumulate accurate data for the smooth progress of these two topics. Otherwise, any unmanaged data can lead to insurmountable problems for companies.<\/p>\n<p style=\"text-align: left;\">Under the scope of Data Accumulation, we work with an approach of <strong>\"increased management at every step\"<\/strong> for companies' servers and computers, starting from the day they are first set up, and continuing through their journey into the future.<\/p>\n<p style=\"text-align: left;\">In this context;<\/p>\n<ul style=\"text-align: left;\">\n<li>Physical Data Security<\/li>\n<li>Control and Tracing of Data Movement<\/li>\n<li>Data Protection Against Cyber Attacks<\/li>\n<\/ul>\n<p style=\"text-align: left;\">are consulting and project management services we provide to our customers.<\/p>\n\t\t\n<style>\n#text-1392022595 {\n  font-size: 1rem;\n}\n<\/style>\n\t<\/div>\n\t\n\n\t\t<\/div>\n\t\t\t\t\n<style>\n#col-1479931955 > .col-inner {\n  padding: 30px 30px 0px 0px;\n  max-width: 520px;\n}\n@media (min-width:550px) {\n  #col-1479931955 > .col-inner {\n    padding: 30px 0px 0px 0px;\n  }\n}\n<\/style>\n\t<\/div>\n\n\t\n\n\t<div id=\"col-236790842\" class=\"col medium-6 small-12 large-6 small-col-first\"  >\n\t\t\t\t<div class=\"col-inner text-center\"  >\n\t\t\t\n\t\t\t\n\n\t<div class=\"img has-hover x md-x lg-x y md-y lg-y\" id=\"image_290287230\">\n\t\t\t\t\t\t\t\t<div class=\"img-inner image-cover dark\" style=\"padding-top:100%;\">\n\t\t\t<img loading=\"lazy\" decoding=\"async\" width=\"1020\" height=\"529\" src=\"https:\/\/i0.wp.com\/atlantisbilisim.com.tr\/wp-content\/uploads\/2024\/05\/istockphoto-1447889572-1024x1024-1.jpg?fit=1020%2C529&amp;ssl=1\" class=\"attachment-large size-large\" alt=\"\" srcset=\"https:\/\/i0.wp.com\/atlantisbilisim.com.tr\/wp-content\/uploads\/2024\/05\/istockphoto-1447889572-1024x1024-1.jpg?w=1024&amp;ssl=1 1024w, https:\/\/i0.wp.com\/atlantisbilisim.com.tr\/wp-content\/uploads\/2024\/05\/istockphoto-1447889572-1024x1024-1.jpg?resize=771%2C400&amp;ssl=1 771w, https:\/\/i0.wp.com\/atlantisbilisim.com.tr\/wp-content\/uploads\/2024\/05\/istockphoto-1447889572-1024x1024-1.jpg?resize=768%2C398&amp;ssl=1 768w\" sizes=\"auto, (max-width: 1020px) 100vw, 1020px\" \/>\t\t\t\t\t\t\n\t\t\t\t\t<\/div>\n\t\t\t\t\t\t\t\t\n<style>\n#image_290287230 {\n  width: 100%;\n}\n<\/style>\n\t<\/div>\n\t\n\n\n\t\t<\/div>\n\t\t\t\t\n<style>\n#col-236790842 > .col-inner {\n  padding: 30px 0px 0px 0px;\n  margin: 0px 0px -30px 0px;\n}\n@media (min-width:550px) {\n  #col-236790842 > .col-inner {\n    padding: 0px 0px 0px 0px;\n    margin: 20px 0px 0px 0px;\n  }\n}\n<\/style>\n\t<\/div>\n\n\t\n\n<\/div>\n<div class=\"text-center\"><div class=\"is-divider divider clearfix\" style=\"background-color:rgb(68, 96, 132);\"><\/div><\/div>\n\n\n\t\t<\/div>\n\n\t\t\n<style>\n#section_1862171786 {\n  padding-top: 0px;\n  padding-bottom: 0px;\n}\n<\/style>\n\t<\/section>\n\t\n\n\t<section class=\"section\" id=\"section_900835151\">\n\t\t<div class=\"section-bg fill\" >\n\t\t\t\t\t\t\t\t\t\n\t\t\t\n\n\t\t<\/div>\n\n\t\t\n\n\t\t<div class=\"section-content relative\">\n\t\t\t\n\n<div class=\"row align-middle\"  id=\"row-1479123736\">\n\n\n\t<div id=\"col-1575391500\" class=\"col medium-6 small-12 large-6\"  >\n\t\t\t\t<div class=\"col-inner\"  >\n\t\t\t\n\t\t\t\n\n\t<div class=\"img has-hover x md-x lg-x y md-y lg-y\" id=\"image_1611504382\">\n\t\t\t\t\t\t\t\t<div class=\"img-inner image-cover dark\" style=\"padding-top:100%;margin:0px 0px 0px 0px;\">\n\t\t\t<img loading=\"lazy\" decoding=\"async\" width=\"1020\" height=\"549\" src=\"https:\/\/i0.wp.com\/atlantisbilisim.com.tr\/wp-content\/uploads\/2024\/05\/istockphoto-1335959802-1024x1024-1.jpg?fit=1020%2C549&amp;ssl=1\" class=\"attachment-large size-large\" alt=\"\" srcset=\"https:\/\/i0.wp.com\/atlantisbilisim.com.tr\/wp-content\/uploads\/2024\/05\/istockphoto-1335959802-1024x1024-1.jpg?w=1024&amp;ssl=1 1024w, https:\/\/i0.wp.com\/atlantisbilisim.com.tr\/wp-content\/uploads\/2024\/05\/istockphoto-1335959802-1024x1024-1.jpg?resize=743%2C400&amp;ssl=1 743w, https:\/\/i0.wp.com\/atlantisbilisim.com.tr\/wp-content\/uploads\/2024\/05\/istockphoto-1335959802-1024x1024-1.jpg?resize=768%2C413&amp;ssl=1 768w\" sizes=\"auto, (max-width: 1020px) 100vw, 1020px\" \/>\t\t\t\t\t\t\n\t\t\t\t\t<\/div>\n\t\t\t\t\t\t\t\t\n<style>\n#image_1611504382 {\n  width: 100%;\n}\n<\/style>\n\t<\/div>\n\t\n\n\n\t\t<\/div>\n\t\t\t\t\n<style>\n#col-1575391500 > .col-inner {\n  padding: 0px 0px 0px 0px;\n  margin: -30px 0px 0px 0px;\n}\n@media (min-width:550px) {\n  #col-1575391500 > .col-inner {\n    margin: 0px 0px 0px 0px;\n  }\n}\n<\/style>\n\t<\/div>\n\n\t\n\n\t<div id=\"col-1102240177\" class=\"col medium-6 small-12 large-6\"  >\n\t\t\t\t<div class=\"col-inner text-center\"  >\n\t\t\t\n\t\t\t\n\n\t<div id=\"text-3201840267\" class=\"text\">\n\t\t\n\n<h1 style=\"text-align: left;\"><span style=\"font-size: 110%;\"><strong>Network and Cybersecurity<\/strong><\/span><\/h1>\n<p style=\"text-align: left;\">Data is the most valuable asset of a company. Nowadays, the protection of this data is crucial for the future of companies. Malicious cyber attacks and random attempts at information or identity theft are increasing every day.<\/p>\n<p style=\"text-align: left;\">So, what does it mean to protect your company with security layers surrounding corporate data? This brings along two very important issues:<\/p>\n<ol>\n<li style=\"text-align: left;\">Internal Threats<\/li>\n<li style=\"text-align: left;\">External Threats<\/li>\n<\/ol>\n<p style=\"text-align: left;\">The way to stay away from these two threat factors is to create inventories of digital data and make protection plans. As Atlantis Bili\u015fim, we offer products, services, and benefits to implement a digital security protection plan that can be grouped under these headings:<\/p>\n\t\t\n<style>\n#text-3201840267 {\n  font-size: 1rem;\n}\n<\/style>\n\t<\/div>\n\t\n<div class=\"row row-collapse row-full-width\"  id=\"row-1446819592\">\n\n\n\t<div id=\"col-1342794676\" class=\"col medium-5 large-5\"  >\n\t\t\t\t<div class=\"col-inner\"  >\n\t\t\t\n\t\t\t\n\n\t<div id=\"text-690760128\" class=\"text\">\n\t\t\n\n<ul style=\"text-align: left;\">\n<li>Firewall\/UTM<\/li>\n<li>Antiphishing<\/li>\n<li>AntiSpam<\/li>\n<li>DLP<\/li>\n<li>SIEM<\/li>\n<li>Endpoint Security<\/li>\n<li>Email Security<\/li>\n<\/ul>\n\t\t\n<style>\n#text-690760128 {\n  line-height: 1;\n}\n<\/style>\n\t<\/div>\n\t\n\n\t\t<\/div>\n\t\t\t\t\t<\/div>\n\n\t\n\n\t<div id=\"col-380608947\" class=\"col medium-7 large-7\"  >\n\t\t\t\t<div class=\"col-inner\"  >\n\t\t\t\n\t\t\t\n\n\t<div id=\"text-1501241830\" class=\"text\">\n\t\t\n\n<li>Web Security<\/li>\n<li>DDOS<\/li>\n<li>SOC<\/li>\n<li>Web Application Firewall<\/li>\n<li>Penetration &amp; Vulnerability Scanning<\/li>\n<li>Application Security<\/li>\n<li>APT\/ATP<\/li>\n\t\t\n<style>\n#text-1501241830 {\n  line-height: 1;\n  text-align: left;\n}\n<\/style>\n\t<\/div>\n\t\n\n\t\t<\/div>\n\t\t\t\t\t<\/div>\n\n\t\n\n<\/div>\n\t<div id=\"text-970585121\" class=\"text\">\n\t\t\n\n<p>As Atlantis Bili\u015fim, we achieve the creation of high-performance and secure structures with leading brands in the industry and our experienced human resources.<\/p>\n\t\t\n<style>\n#text-970585121 {\n  text-align: left;\n}\n<\/style>\n\t<\/div>\n\t\n\n\t\t<\/div>\n\t\t\t\t\n<style>\n#col-1102240177 > .col-inner {\n  padding: 0px 0px 0px 0px;\n  max-width: 520px;\n}\n<\/style>\n\t<\/div>\n\n\t\n\n<\/div>\n\n\t\t<\/div>\n\n\t\t\n<style>\n#section_900835151 {\n  padding-top: 0px;\n  padding-bottom: 0px;\n}\n<\/style>\n\t<\/section>\n\t\n<div class=\"message-box relative dark\" style=\"padding-top:36px;padding-bottom:36px;\"><div class=\"message-box-bg-image bg-fill fill\" ><\/div><div class=\"message-box-bg-overlay bg-fill fill\" style=\"background-color:rgb(208, 47, 47);\"><\/div><div class=\"container relative\"><div class=\"inner last-reset\">\n\n<div class=\"row align-middle\"  id=\"row-1500783347\">\n\n\n\t<div id=\"col-980659239\" class=\"col medium-8 small-12 large-8\"  >\n\t\t\t\t<div class=\"col-inner\"  >\n\t\t\t\n\t\t\t\n\n<h2 class=\"uppercase\">We're excited to meet you!<\/h2>\n<p>You can contact us for any matter we can assist you with.<\/p>\n\n\t\t<\/div>\n\t\t\t\t\t<\/div>\n\n\t\n\n\t<div id=\"col-1693708504\" class=\"col medium-4 small-12 large-4\"  >\n\t\t\t\t<div class=\"col-inner text-right\"  >\n\t\t\t\n\t\t\t\n\n<a data-animate=\"flipInY\" href=\"https:\/\/atlantisbilisim.com.tr\/en\/iletisim\/\" class=\"button white is-outline is-larger\"  style=\"padding:0px 20px 0px 20px;\">\n\t\t<span>Contact Us<\/span>\n\t<\/a>\n\n\n\n\t\t<\/div>\n\t\t\t\t\n<style>\n#col-1693708504 > .col-inner {\n  padding: 0px 0px 0px 0px;\n  margin: 20px 0px -20px 0px;\n}\n@media (min-width:550px) {\n  #col-1693708504 > .col-inner {\n    margin: 0px 0px 0px 0px;\n  }\n}\n<\/style>\n\t<\/div>\n\n\t\n\n<\/div>\n\n<\/div><\/div><\/div>","protected":false},"excerpt":{"rendered":"","protected":false},"author":1,"featured_media":0,"parent":0,"menu_order":0,"comment_status":"closed","ping_status":"closed","template":"page-blank.php","meta":{"advanced_seo_description":"","jetpack_seo_html_title":"","jetpack_seo_noindex":false,"footnotes":""},"class_list":["post-360","page","type-page","status-publish","hentry"],"jetpack_sharing_enabled":true,"jetpack_shortlink":"https:\/\/wp.me\/PfBQLk-5O","_links":{"self":[{"href":"https:\/\/atlantisbilisim.com.tr\/en\/wp-json\/wp\/v2\/pages\/360","targetHints":{"allow":["GET"]}}],"collection":[{"href":"https:\/\/atlantisbilisim.com.tr\/en\/wp-json\/wp\/v2\/pages"}],"about":[{"href":"https:\/\/atlantisbilisim.com.tr\/en\/wp-json\/wp\/v2\/types\/page"}],"author":[{"embeddable":true,"href":"https:\/\/atlantisbilisim.com.tr\/en\/wp-json\/wp\/v2\/users\/1"}],"replies":[{"embeddable":true,"href":"https:\/\/atlantisbilisim.com.tr\/en\/wp-json\/wp\/v2\/comments?post=360"}],"version-history":[{"count":12,"href":"https:\/\/atlantisbilisim.com.tr\/en\/wp-json\/wp\/v2\/pages\/360\/revisions"}],"predecessor-version":[{"id":978,"href":"https:\/\/atlantisbilisim.com.tr\/en\/wp-json\/wp\/v2\/pages\/360\/revisions\/978"}],"wp:attachment":[{"href":"https:\/\/atlantisbilisim.com.tr\/en\/wp-json\/wp\/v2\/media?parent=360"}],"curies":[{"name":"wp","href":"https:\/\/api.w.org\/{rel}","templated":true}]}}