{"id":356,"date":"2024-03-11T04:56:46","date_gmt":"2024-03-11T04:56:46","guid":{"rendered":"https:\/\/atlantisbilisim.com.tr\/?page_id=356"},"modified":"2025-09-01T08:47:10","modified_gmt":"2025-09-01T08:47:10","slug":"iletisim","status":"publish","type":"page","link":"https:\/\/atlantisbilisim.com.tr\/en\/iletisim\/","title":{"rendered":"Contact"},"content":{"rendered":"\n<p><iframe loading=\"lazy\" src=\"https:\/\/www.google.com\/maps\/embed?pb=!1m18!1m12!1m3!1d3010.8483159971347!2d29.07358991541397!3d41.00669307930091!2m3!1f0!2f0!3f0!3m2!1i1024!2i768!4f13.1!3m3!1m2!1s0x14cac8767b19325b%3A0xcb36835c7a4eec2c!2zQXRsYW50aXMgQmlsacWfaW0gUHJvamUgdmUgRGFuxLHFn21hbmzEsWs!5e0!3m2!1str!2str!4v1611259043270!5m2!1str!2str\" width=\"1900\" height=\"450\" frameborder=\"0\" style=\"border:0;\" allowfullscreen=\"\" aria-hidden=\"false\" tabindex=\"0\"><\/iframe><\/p>\n<div class=\"row\"  id=\"row-255108964\">\n\n\n\t<div id=\"col-46394858\" class=\"col medium-6 small-12 large-6\"  >\n\t\t\t\t<div class=\"col-inner\"  >\n\t\t\t\n\t\t\t\n\n<div class=\"container section-title-container\" ><h3 class=\"section-title section-title-normal\"><b><\/b><span class=\"section-title-main\" >\u0130LET\u0130\u015e\u0130M B\u0130LG\u0130LER\u0130<\/span><b><\/b><\/h3><\/div>\n\n<h4 class=\"aligncenter\">Cumhuriyet Mh. Libadiye Cd. Do\u011fanay Sk.\u00a0<\/h4>\n<h4 class=\"aligncenter\">No:25\/A 34697 \u00dcsk\u00fcdar\/\u0130stanbul<\/h4>\n<p class=\"aligncenter\">Tel :\u00a0 +90 (216) 521 74 00<br \/>Fax : +90 (216) 521 88 73<\/p>\n<p class=\"aligncenter\"><a href=\"mailto:info@atlantisbilisim.com.tr\">info@atlantisbilisim.com.tr<\/a><\/p>\n\n\t\t<\/div>\n\t\t\t\t\t<\/div>\n\n\t\n\n\t<div id=\"col-1160887668\" class=\"col medium-6 small-12 large-6\"  >\n\t\t\t\t<div class=\"col-inner\"  >\n\t\t\t\n\t\t\t\n\n<div class=\"container section-title-container\" ><h3 class=\"section-title section-title-normal\"><b><\/b><span class=\"section-title-main\" >\u0130LET\u0130\u015e\u0130M FORMU<\/span><b><\/b><\/h3><\/div>\n\n\n<div class=\"wpcf7 no-js\" id=\"wpcf7-f15-o1\" lang=\"en-US\" dir=\"ltr\" data-wpcf7-id=\"15\">\n<div class=\"screen-reader-response\"><p role=\"status\" aria-live=\"polite\" aria-atomic=\"true\"><\/p> <ul><\/ul><\/div>\n<form action=\"\/en\/wp-json\/wp\/v2\/pages\/356#wpcf7-f15-o1\" method=\"post\" class=\"wpcf7-form init\" aria-label=\"Contact form\" novalidate=\"novalidate\" data-status=\"init\">\n<fieldset class=\"hidden-fields-container\"><input type=\"hidden\" name=\"_wpcf7\" value=\"15\" \/><input type=\"hidden\" name=\"_wpcf7_version\" value=\"6.1.5\" \/><input type=\"hidden\" name=\"_wpcf7_locale\" value=\"en_US\" \/><input type=\"hidden\" name=\"_wpcf7_unit_tag\" value=\"wpcf7-f15-o1\" \/><input type=\"hidden\" name=\"_wpcf7_container_post\" value=\"0\" \/><input type=\"hidden\" name=\"_wpcf7_posted_data_hash\" value=\"\" \/>\n<\/fieldset>\n<div class=\"form-flat\">\n\t<p><span class=\"wpcf7-form-control-wrap\" data-name=\"your-name\"><input size=\"40\" maxlength=\"400\" class=\"wpcf7-form-control wpcf7-text wpcf7-validates-as-required\" aria-required=\"true\" aria-invalid=\"false\" placeholder=\"Ad Soyad (gerekli)\" value=\"\" type=\"text\" name=\"your-name\" \/><\/span>\n\t<\/p>\n\t<p><span class=\"wpcf7-form-control-wrap\" data-name=\"your-email\"><input size=\"40\" maxlength=\"400\" class=\"wpcf7-form-control wpcf7-email wpcf7-validates-as-required wpcf7-text wpcf7-validates-as-email\" aria-required=\"true\" aria-invalid=\"false\" placeholder=\"E-Posta (gerekli)\" value=\"\" type=\"email\" name=\"your-email\" \/><\/span>\n\t<\/p>\n\t<p><span class=\"wpcf7-form-control-wrap\" data-name=\"your-subject\"><input size=\"40\" maxlength=\"400\" class=\"wpcf7-form-control wpcf7-text wpcf7-validates-as-required\" aria-required=\"true\" aria-invalid=\"false\" placeholder=\"Konu (gerekli)\" value=\"\" type=\"text\" name=\"your-subject\" \/><\/span>\n\t<\/p>\n\t<p><span class=\"wpcf7-form-control-wrap\" data-name=\"your-message\"><textarea cols=\"40\" rows=\"10\" maxlength=\"2000\" class=\"wpcf7-form-control wpcf7-textarea\" aria-invalid=\"false\" placeholder=\"Mesaj\u0131n\u0131z (gerekli)\" name=\"your-message\"><\/textarea><\/span>\n\t<\/p>\n\t<p><input class=\"wpcf7-form-control wpcf7-submit has-spinner button\" type=\"submit\" value=\"Submit\" \/>\n\t<\/p>\n<\/div><p style=\"display: none !important;\" class=\"akismet-fields-container\" data-prefix=\"_wpcf7_ak_\"><label>&#916;<textarea name=\"_wpcf7_ak_hp_textarea\" cols=\"45\" rows=\"8\" maxlength=\"100\"><\/textarea><\/label><input type=\"hidden\" id=\"ak_js_1\" name=\"_wpcf7_ak_js\" value=\"147\"\/><script type=\"text\/javascript\">\n\/* <![CDATA[ *\/\ndocument.getElementById( \"ak_js_1\" ).setAttribute( \"value\", ( new Date() ).getTime() );\n\/* ]]> *\/\n<\/script>\n<\/p><div class=\"wpcf7-response-output\" aria-hidden=\"true\"><\/div>\n<\/form>\n<\/div>\n\n\n\n\t\t<\/div>\n\t\t\t\t\t<\/div>\n\n\t\n\n<\/div>\n\n","protected":false},"excerpt":{"rendered":"","protected":false},"author":1,"featured_media":0,"parent":0,"menu_order":0,"comment_status":"closed","ping_status":"closed","template":"","meta":{"advanced_seo_description":"","jetpack_seo_html_title":"","jetpack_seo_noindex":false,"footnotes":""},"class_list":["post-356","page","type-page","status-publish","hentry"],"jetpack_sharing_enabled":true,"jetpack_shortlink":"https:\/\/wp.me\/PfBQLk-5K","_links":{"self":[{"href":"https:\/\/atlantisbilisim.com.tr\/en\/wp-json\/wp\/v2\/pages\/356","targetHints":{"allow":["GET"]}}],"collection":[{"href":"https:\/\/atlantisbilisim.com.tr\/en\/wp-json\/wp\/v2\/pages"}],"about":[{"href":"https:\/\/atlantisbilisim.com.tr\/en\/wp-json\/wp\/v2\/types\/page"}],"author":[{"embeddable":true,"href":"https:\/\/atlantisbilisim.com.tr\/en\/wp-json\/wp\/v2\/users\/1"}],"replies":[{"embeddable":true,"href":"https:\/\/atlantisbilisim.com.tr\/en\/wp-json\/wp\/v2\/comments?post=356"}],"version-history":[{"count":6,"href":"https:\/\/atlantisbilisim.com.tr\/en\/wp-json\/wp\/v2\/pages\/356\/revisions"}],"predecessor-version":[{"id":963,"href":"https:\/\/atlantisbilisim.com.tr\/en\/wp-json\/wp\/v2\/pages\/356\/revisions\/963"}],"wp:attachment":[{"href":"https:\/\/atlantisbilisim.com.tr\/en\/wp-json\/wp\/v2\/media?parent=356"}],"curies":[{"name":"wp","href":"https:\/\/api.w.org\/{rel}","templated":true}]}}