{"id":346,"date":"2024-03-11T01:42:38","date_gmt":"2024-03-11T01:42:38","guid":{"rendered":"https:\/\/atlantisbilisim.com.tr\/?page_id=346"},"modified":"2026-02-12T14:52:36","modified_gmt":"2026-02-12T14:52:36","slug":"teknik-servis-hizmetleri","status":"publish","type":"page","link":"https:\/\/atlantisbilisim.com.tr\/en\/teknik-servis-hizmetleri\/","title":{"rendered":"Technical Support Services"},"content":{"rendered":"<section class=\"section\" id=\"section_967799224\">\n\t\t<div class=\"section-bg fill\" >\n\t\t\t\t\t\t\t\t\t\n\t\t\t\n\n\t\t<\/div>\n\n\t\t\n\n\t\t<div class=\"section-content relative\">\n\t\t\t\n\n\n  <div class=\"banner has-hover has-parallax\" id=\"banner-136785276\">\n          <div class=\"banner-inner fill\">\n        <div class=\"banner-bg fill\" data-parallax=\"-4\" data-parallax-container=\".banner\" data-parallax-background>\n            <img loading=\"lazy\" decoding=\"async\" width=\"1020\" height=\"680\" src=\"https:\/\/i0.wp.com\/atlantisbilisim.com.tr\/wp-content\/uploads\/2026\/02\/anasayfa-teknik-servis-hizmetleri.jpg?fit=1020%2C680&amp;ssl=1\" class=\"bg attachment-large size-large\" alt=\"\" \/>                                    \n                    <\/div>\n\t\t\n        <div class=\"banner-layers container\">\n            <div class=\"fill banner-link\"><\/div>            \n\n   <div id=\"text-box-1373170020\" class=\"text-box banner-layer x50 md-x0 lg-x0 y50 md-y50 lg-y50 res-text\">\n                                <div class=\"text-box-content text box-shadow-3\">\n              \n              <div class=\"text-inner text-left\">\n                  \n\n<h2>Technical Support Services<\/h2>\n<p>The biggest step in carrying a business into the future is adapting to technology and integrating it into business processes. While a small part of this process involves incorporating information technologies into existing operations, the main part emerges during the course of business. In this primary process, companies either create an in-house IT team or opt for Maintenance and Support Agreements with Outsourcing.<\/p>\n<p>As Atlantis Bili\u015fim, we take pride in providing your business with the most suitable technical services through our expert team, ensuring your confidence in us along the way.<\/p>\n\n              <\/div>\n           <\/div>\n                            \n<style>\n#text-box-1373170020 .text-box-content {\n  background-color: rgba(255, 255, 255, 0.95);\n  font-size: 100%;\n}\n#text-box-1373170020 .text-inner {\n  padding: 30px 30px 30px 30px;\n}\n#text-box-1373170020 {\n  width: 90%;\n}\n@media (min-width:550px) {\n  #text-box-1373170020 {\n    width: 58%;\n  }\n}\n<\/style>\n    <\/div>\n \n\n        <\/div>\n      <\/div>\n\n            \n<style>\n#banner-136785276 {\n  padding-top: 637px;\n}\n#banner-136785276 .banner-bg img {\n  object-position: 49% 55%;\n}\n<\/style>\n  <\/div>\n\n\n\n\t\t<\/div>\n\n\t\t\n<style>\n#section_967799224 {\n  padding-top: 0px;\n  padding-bottom: 0px;\n}\n<\/style>\n\t<\/section>\n\t\n\n\t<section class=\"section\" id=\"section_580152152\">\n\t\t<div class=\"section-bg fill\" >\n\t\t\t\t\t\t\t\t\t\n\t\t\t\n\n\t\t<\/div>\n\n\t\t\n\n\t\t<div class=\"section-content relative\">\n\t\t\t\n\n<span class=\"scroll-to\" data-label=\"Scroll to: #bakim-destek\" data-bullet=\"true\" data-link=\"#bakim-destek\" data-title=\"Bak\u0131m ve Destek S\u00f6zle\u015fmeleri\" ><a name=\"bakim-destek\"><\/a><\/span>\n\n<div class=\"row align-middle\"  id=\"row-9898825\">\n\n\n\t<div id=\"col-1105114162\" class=\"col medium-4 small-12 large-4\"  >\n\t\t\t\t<div class=\"col-inner text-left\"  >\n\t\t\t\n\t\t\t\n\n\t<div id=\"text-2900285426\" class=\"text\">\n\t\t\n\n<h1 style=\"text-align: left;\"><span style=\"font-size: 110%;\"><strong>Maintenance and Support Agreements<\/strong><\/span><\/h1>\n<p style=\"text-align: left;\">With our 'Maintenance and Support Agreement' models, you will have the privilege of entrusting the entire IT and technology management of your business to a professional team with 23 years of experience and expertise.<\/p>\n\t\t\n<style>\n#text-2900285426 {\n  font-size: 1rem;\n  color: rgb(255,255,255);\n}\n#text-2900285426 > * {\n  color: rgb(255,255,255);\n}\n<\/style>\n\t<\/div>\n\t\n\n\t\t<\/div>\n\t\t\t\t\n<style>\n#col-1105114162 > .col-inner {\n  padding: 30px 30px 0px 0px;\n  max-width: 520px;\n}\n@media (min-width:550px) {\n  #col-1105114162 > .col-inner {\n    padding: 0px 0px 0px 0px;\n  }\n}\n<\/style>\n\t<\/div>\n\n\t\n\n\t<div id=\"col-1977320332\" class=\"col medium-8 small-12 large-8\"  >\n\t\t\t\t<div class=\"col-inner\" style=\"background-color:#446084;\" >\n\t\t\t\n\t<div class=\"is-border\"\n\t\tstyle=\"border-width:0px 0px 0px 0px;margin:0px 0px 0px 0px;\">\n\t<\/div>\n\t\t\t\n\n\n  <div class=\"banner has-hover\" id=\"banner-2086177670\">\n          <div class=\"banner-inner fill\">\n        <div class=\"banner-bg fill\" >\n                                                \n                    <\/div>\n\t\t\n        <div class=\"banner-layers container\">\n            <div class=\"fill banner-link\"><\/div>            \n\n   <div id=\"text-box-1016378313\" class=\"text-box banner-layer x50 md-x50 lg-x50 y50 md-y50 lg-y50 res-text\">\n                                <div class=\"text-box-content text box-shadow-3 dark\">\n              \n              <div class=\"text-inner text-center\">\n                  \n\n\t<div id=\"text-2602585275\" class=\"text\">\n\t\t\n\n<h4 style=\"text-align: left; padding-left: 40px;\"><span style=\"font-size: 80%;\"><strong>With this agreement, Atlantis provides for its customers:<\/strong><\/span><\/h4>\n<ul>\n<li style=\"list-style-type: none;\">\n<ul>\n<li style=\"text-align: left;\">Inspection and control of your data centers, firewalls, other security hardware and software, computers, servers, printers, active devices, and all other devices used in your system.<\/li>\n<li style=\"text-align: left;\">On-site services with expert technicians.<\/li>\n<li style=\"text-align: left;\">Remote services via licensed remote connection or telephone through our help desk team.<\/li>\n<li style=\"text-align: left;\">Increasing system continuity through periodic maintenance and proactive efforts.<\/li>\n<li style=\"text-align: left;\">Identifying and guiding IT needs through reports and mutual meetings organized to understand your current situation and future vision.<\/li>\n<\/ul>\n<\/li>\n<\/ul>\n<p style=\"text-align: left; padding-left: 40px;\">Support and budget controls for annual IT budgeting efforts.<\/p>\n\t\t\n<style>\n#text-2602585275 {\n  font-size: 1rem;\n  color: rgb(85, 85, 85);\n}\n#text-2602585275 > * {\n  color: rgb(85, 85, 85);\n}\n<\/style>\n\t<\/div>\n\t\n\n              <\/div>\n           <\/div>\n                            \n<style>\n#text-box-1016378313 {\n  margin: 0px 0px 0px 0px;\n  width: 90%;\n}\n#text-box-1016378313 .text-box-content {\n  background-color: rgb(255, 255, 255);\n  border-radius: 15px;\n  font-size: 100%;\n}\n#text-box-1016378313 .text-inner {\n  padding: 0px 20px 10px 0px;\n}\n<\/style>\n    <\/div>\n \n\n        <\/div>\n      <\/div>\n\n            \n<style>\n#banner-2086177670 {\n  padding-top: 500px;\n}\n<\/style>\n  <\/div>\n\n\n\n\t\t<\/div>\n\t\t\t\t\n<style>\n#col-1977320332 > .col-inner {\n  padding: 0px 0px 0px 0px;\n  margin: 0px 0px 0px 0px;\n  border-radius: 15px;\n}\n@media (min-width:550px) {\n  #col-1977320332 > .col-inner {\n    padding: 0px 0px 0px 0px;\n    margin: 20px 0px 0px 0px;\n  }\n}\n<\/style>\n\t<\/div>\n\n\t\n\n\n<style>\n#row-9898825 > .col > .col-inner {\n  padding: 30px 0px 0px 0px;\n}\n<\/style>\n<\/div>\n<div class=\"text-center\"><div class=\"is-divider divider clearfix\" style=\"background-color:rgb(255, 255, 255);\"><\/div><\/div>\n\n\n\t\t<\/div>\n\n\t\t\n<style>\n#section_580152152 {\n  padding-top: 0px;\n  padding-bottom: 0px;\n  background-color: #446084;\n}\n<\/style>\n\t<\/section>\n\t\n\n\t<section class=\"section\" id=\"section_279582419\">\n\t\t<div class=\"section-bg fill\" >\n\t\t\t\t\t\t\t\t\t\n\t\t\t\n\n\t\t<\/div>\n\n\t\t\n\n\t\t<div class=\"section-content relative\">\n\t\t\t\n\n<span class=\"scroll-to\" data-label=\"Scroll to: #dis-kaynak\" data-bullet=\"true\" data-link=\"#dis-kaynak\" data-title=\"D\u0131\u015f Kaynak Kullan\u0131m\u0131 (Outsourcing)\" ><a name=\"dis-kaynak\"><\/a><\/span>\n\n<div class=\"row align-middle\"  id=\"row-1450400638\">\n\n\n\t<div id=\"col-410984867\" class=\"col medium-5 small-12 large-5\"  >\n\t\t\t\t<div class=\"col-inner text-left\"  >\n\t\t\t\n\t\t\t\n\n\t<div id=\"text-2532894250\" class=\"text\">\n\t\t\n\n<h1 style=\"text-align: left;\"><span style=\"font-size: 110%;\"><strong>Outsourcing<\/strong><\/span><\/h1>\n<p>In today's economic conditions, companies are focused on reducing total cost of ownership while often concentrating on increasing efficiency with existing resources. Therefore, they seek companies that can consolidate tasks outside their core activities. In this context, the IT sector becomes one of the most preferred sectors for outsourcing due to its fast and dynamic nature, encompassing many areas of expertise.<\/p>\n<p>In many small and medium-sized enterprises, often referred to as SMEs, there is no department or personnel responsible for making moves in information technologies. Therefore, other department personnel within the company have to carry out the job tracking related to this department. This arrangement, which is not based on a solid foundation, leads to the absence of an IT strategy and eventually to the inability to control this structure in the future, leading to serious problems. In fact, depending on the structure of the companies, this use of external personnel can be planned flexibly within certain days and hours.<\/p>\n\t\t\n<style>\n#text-2532894250 {\n  font-size: 1rem;\n  text-align: left;\n}\n<\/style>\n\t<\/div>\n\t\n\n\t\t<\/div>\n\t\t\t\t\n<style>\n#col-410984867 > .col-inner {\n  padding: 30px 30px 0px 0px;\n  max-width: 520px;\n}\n@media (min-width:550px) {\n  #col-410984867 > .col-inner {\n    padding: 0px 0px 0px 0px;\n  }\n}\n<\/style>\n\t<\/div>\n\n\t\n\n\t<div id=\"col-58536915\" class=\"col medium-7 small-12 large-7\"  >\n\t\t\t\t<div class=\"col-inner text-left box-shadow-3\" style=\"background-color:#446084;\" >\n\t\t\t\n\t<div class=\"is-border\"\n\t\tstyle=\"border-width:0px 0px 0px 0px;margin:0px 0px 0px 0px;\">\n\t<\/div>\n\t\t\t\n\n\n  <div class=\"banner has-hover\" id=\"banner-160750792\">\n          <div class=\"banner-inner fill\">\n        <div class=\"banner-bg fill\" >\n                                                \n                    <\/div>\n\t\t\n        <div class=\"banner-layers container\">\n            <div class=\"fill banner-link\"><\/div>            \n\n   <div id=\"text-box-882893692\" class=\"text-box banner-layer x50 md-x50 lg-x50 y50 md-y50 lg-y50 res-text\">\n                                <div class=\"text-box-content text dark\">\n              \n              <div class=\"text-inner text-left\">\n                  \n\n\t<div id=\"text-1619165266\" class=\"text\">\n\t\t\n\n<h4><span style=\"font-size: 80%;\"><strong>Benefits of Outsourcing:<\/strong><\/span><\/h4>\n<ul>\n<li>Firms that have taken on outsourcing can intervene in areas that the supported company may not see or may not be able to address due to their professional perspectives in their own areas of expertise, thus maximizing business efficiency by preventing potential issues and addressing them without wasting time.<\/li>\n<li>Recruitment can be conducted based on specific project objectives and timelines.<\/li>\n<li>Provides the opportunity to select and utilize expert personnel resources.<\/li>\n<li>Operational efficiency is achieved by focusing on the company's core activities.<\/li>\n<li>Reduction of business costs helps prevent time wastage.<\/li>\n<li>It allows for controlling projects (time, cost, quality).<\/li>\n<li>It ensures the consolidation of scattered data in a single center.<\/li>\n<li>Through contracts, the working hours of the personnel are confirmed.<\/li>\n<li>Changes can be made to personnel without risk if their performance is unsatisfactory.<\/li>\n<li>The company's implementation risks are shared.<\/li>\n<li>Costs such as overtime, seniority, and severance pay of leased personnel are not reflected in the company.<\/li>\n<li>The aim is to reduce risk through shared liability for errors. Today, some companies opt for outsourcing, even if it is expensive, to minimize the risk in case of any mishaps.<\/li>\n<\/ul>\n\t\t\n<style>\n#text-1619165266 {\n  font-size: 1rem;\n  line-height: 1.5;\n  text-align: left;\n}\n<\/style>\n\t<\/div>\n\t\n\n              <\/div>\n           <\/div>\n                            \n<style>\n#text-box-882893692 {\n  margin: -20px 0px 0px 0px;\n  width: 90%;\n}\n#text-box-882893692 .text-inner {\n  padding: 0px 0px 0px 0px;\n}\n#text-box-882893692 .text-box-content {\n  font-size: 100%;\n}\n<\/style>\n    <\/div>\n \n\n        <\/div>\n      <\/div>\n\n            \n<style>\n#banner-160750792 {\n  padding-top: 700px;\n}\n<\/style>\n  <\/div>\n\n\n\n\t\t<\/div>\n\t\t\t\t\n<style>\n#col-58536915 > .col-inner {\n  padding: 0px 0px 0px 0px;\n  margin: 0px 0px 0px 0px;\n  border-radius: 15px;\n}\n@media (min-width:550px) {\n  #col-58536915 > .col-inner {\n    padding: 0px 0px 0px 0px;\n    margin: 20px 0px 0px 0px;\n  }\n}\n<\/style>\n\t<\/div>\n\n\t\n\n\n<style>\n#row-1450400638 > .col > .col-inner {\n  padding: 30px 0px 0px 0px;\n}\n<\/style>\n<\/div>\n<div class=\"text-center\"><div class=\"is-divider divider clearfix\" style=\"background-color:rgb(68, 96, 132);\"><\/div><\/div>\n\n\n\t\t<\/div>\n\n\t\t\n<style>\n#section_279582419 {\n  padding-top: 0px;\n  padding-bottom: 0px;\n  background-color: rgb(255, 255, 255);\n}\n<\/style>\n\t<\/section>\n\t\n\n\t<section class=\"section\" id=\"section_2023888509\">\n\t\t<div class=\"section-bg fill\" >\n\t\t\t\t\t\t\t\t\t\n\t\t\t\n\n\t\t<\/div>\n\n\t\t\n\n\t\t<div class=\"section-content relative\">\n\t\t\t\n\n<div class=\"row align-middle\"  id=\"row-107936153\">\n\n\n\t<div id=\"col-334637776\" class=\"col medium-4 small-12 large-4\"  >\n\t\t\t\t<div class=\"col-inner text-center\"  >\n\t\t\t\n\t\t\t\n\n\t<div id=\"text-679636003\" class=\"text\">\n\t\t\n\n<h1 style=\"text-align: left;\"><span style=\"font-size: 110%;\">IT Logistics Services<\/span><\/h1>\n<p>Transporting information technology and electronic products is a risky task. Expert personnel and appropriate equipment are required to dismantle and safely transport the products, followed by the system being put into operation in working condition.<\/p>\n\t\t\n<style>\n#text-679636003 {\n  font-size: 1rem;\n  text-align: left;\n  color: rgb(255,255,255);\n}\n#text-679636003 > * {\n  color: rgb(255,255,255);\n}\n<\/style>\n\t<\/div>\n\t\n\n\t\t<\/div>\n\t\t\t\t\n<style>\n#col-334637776 > .col-inner {\n  padding: 0px 0px 0px 0px;\n  max-width: 520px;\n}\n<\/style>\n\t<\/div>\n\n\t\n\n\t<div id=\"col-1528277752\" class=\"col hide-for-small medium-8 small-12 large-8\"  >\n\t\t\t\t<div class=\"col-inner\"  >\n\t\t\t\n\t\t\t\n\n\n  <div class=\"banner has-hover\" id=\"banner-1874501025\">\n          <div class=\"banner-inner fill\">\n        <div class=\"banner-bg fill\" >\n            <img loading=\"lazy\" decoding=\"async\" width=\"768\" height=\"432\" src=\"https:\/\/i0.wp.com\/atlantisbilisim.com.tr\/wp-content\/uploads\/2026\/02\/it-lojistik.jpg?fit=768%2C432&amp;ssl=1\" class=\"bg attachment-medium_large size-medium_large\" alt=\"\" \/>                        <div class=\"overlay\"><\/div>            \n                    <\/div>\n\t\t\n        <div class=\"banner-layers container\">\n            <div class=\"fill banner-link\"><\/div>            \n\n   <div id=\"text-box-895731496\" class=\"text-box banner-layer x50 md-x50 lg-x50 y50 md-y50 lg-y50 res-text\">\n                                <div class=\"text-box-content text box-shadow-3\">\n              \n              <div class=\"text-inner text-left\">\n                  \n\n\t<div id=\"text-603460579\" class=\"text\">\n\t\t\n\n<h4><span style=\"font-size: 80%;\">Services we provide under the umbrella of IT Logistics Services:<\/span><\/h4>\n<ul>\n<li>Packaging, transporting, and delivering system rooms, desktop computer systems, servers, network devices, telephone consoles, and similar items from one location to another while ensuring they remain operational.<\/li>\n<li>Providing equipment procurement and logistical support for use within or outside the organization for projects and events.<\/li>\n<li>Transportation Insurance.<\/li>\n<\/ul>\n\t\t\n<style>\n#text-603460579 {\n  font-size: 1rem;\n}\n<\/style>\n\t<\/div>\n\t\n\n              <\/div>\n           <\/div>\n                            \n<style>\n#text-box-895731496 .text-box-content {\n  background-color: rgba(255, 255, 255, 0.95);\n  font-size: 100%;\n}\n#text-box-895731496 .text-inner {\n  padding: 30px 30px 30px 30px;\n}\n#text-box-895731496 {\n  width: 60%;\n}\n@media (min-width:550px) {\n  #text-box-895731496 {\n    width: 90%;\n  }\n}\n<\/style>\n    <\/div>\n \n\n        <\/div>\n      <\/div>\n\n            \n<style>\n#banner-1874501025 {\n  padding-top: 500px;\n  background-color: rgb(255, 255, 255);\n}\n#banner-1874501025 .overlay {\n  background-color: rgba(190, 190, 190, 0.2);\n}\n#banner-1874501025 .banner-bg img {\n  object-position: 70% 71%;\n}\n<\/style>\n  <\/div>\n\n\n\n\t\t<\/div>\n\t\t\t\t\n<style>\n#col-1528277752 > .col-inner {\n  padding: 0px 0px 0px 0px;\n  margin: 20px 0px 0px 0px;\n}\n<\/style>\n\t<\/div>\n\n\t\n\n<\/div>\n<div class=\"text-center\"><div class=\"is-divider divider clearfix\" style=\"background-color:rgb(68, 96, 132);\"><\/div><\/div>\n\n<span class=\"scroll-to\" data-label=\"Scroll to: #it-lojistik\" data-bullet=\"true\" data-link=\"#it-lojistik\" data-title=\"IT Lojistik Hizmetleri\" ><a name=\"it-lojistik\"><\/a><\/span>\n\n\n\t\t<\/div>\n\n\t\t\n<style>\n#section_2023888509 {\n  padding-top: 0px;\n  padding-bottom: 0px;\n  background-color: #446084;\n}\n<\/style>\n\t<\/section>\n\t\n<div class=\"message-box relative dark\" style=\"padding-top:36px;padding-bottom:36px;\"><div class=\"message-box-bg-image bg-fill fill\" ><\/div><div class=\"message-box-bg-overlay bg-fill fill\" style=\"background-color:rgb(208, 47, 47);\"><\/div><div class=\"container relative\"><div class=\"inner last-reset\">\n\n<div class=\"row align-middle\"  id=\"row-1003579442\">\n\n\n\t<div id=\"col-1594171216\" class=\"col medium-8 small-12 large-8\"  >\n\t\t\t\t<div class=\"col-inner\"  >\n\t\t\t\n\t\t\t\n\n<h2 class=\"uppercase\">We're excited to meet you!<\/h2>\n<p>You can contact us for any matter we can assist you with.<\/p>\n\n\t\t<\/div>\n\t\t\t\t\t<\/div>\n\n\t\n\n\t<div id=\"col-1794482503\" class=\"col medium-4 small-12 large-4\"  >\n\t\t\t\t<div class=\"col-inner text-right\"  >\n\t\t\t\n\t\t\t\n\n<a data-animate=\"flipInY\" href=\"https:\/\/atlantisbilisim.com.tr\/en\/iletisim\/\" class=\"button white is-outline is-larger\"  style=\"padding:0px 20px 0px 20px;\">\n\t\t<span>Contact Us<\/span>\n\t<\/a>\n\n\n\n\t\t<\/div>\n\t\t\t\t\n<style>\n#col-1794482503 > .col-inner {\n  padding: 0px 0px 0px 0px;\n  margin: 20px 0px -20px 0px;\n}\n@media (min-width:550px) {\n  #col-1794482503 > .col-inner {\n    margin: 0px 0px 0px 0px;\n  }\n}\n<\/style>\n\t<\/div>\n\n\t\n\n<\/div>\n\n<\/div><\/div><\/div>","protected":false},"excerpt":{"rendered":"","protected":false},"author":1,"featured_media":0,"parent":0,"menu_order":0,"comment_status":"closed","ping_status":"closed","template":"page-blank.php","meta":{"advanced_seo_description":"","jetpack_seo_html_title":"","jetpack_seo_noindex":false,"footnotes":""},"class_list":["post-346","page","type-page","status-publish","hentry"],"jetpack_sharing_enabled":true,"jetpack_shortlink":"https:\/\/wp.me\/PfBQLk-5A","_links":{"self":[{"href":"https:\/\/atlantisbilisim.com.tr\/en\/wp-json\/wp\/v2\/pages\/346","targetHints":{"allow":["GET"]}}],"collection":[{"href":"https:\/\/atlantisbilisim.com.tr\/en\/wp-json\/wp\/v2\/pages"}],"about":[{"href":"https:\/\/atlantisbilisim.com.tr\/en\/wp-json\/wp\/v2\/types\/page"}],"author":[{"embeddable":true,"href":"https:\/\/atlantisbilisim.com.tr\/en\/wp-json\/wp\/v2\/users\/1"}],"replies":[{"embeddable":true,"href":"https:\/\/atlantisbilisim.com.tr\/en\/wp-json\/wp\/v2\/comments?post=346"}],"version-history":[{"count":19,"href":"https:\/\/atlantisbilisim.com.tr\/en\/wp-json\/wp\/v2\/pages\/346\/revisions"}],"predecessor-version":[{"id":991,"href":"https:\/\/atlantisbilisim.com.tr\/en\/wp-json\/wp\/v2\/pages\/346\/revisions\/991"}],"wp:attachment":[{"href":"https:\/\/atlantisbilisim.com.tr\/en\/wp-json\/wp\/v2\/media?parent=346"}],"curies":[{"name":"wp","href":"https:\/\/api.w.org\/{rel}","templated":true}]}}